{"id":15150,"date":"2020-06-15T11:43:08","date_gmt":"2020-06-15T14:43:08","guid":{"rendered":"https:\/\/cienza.com.br\/?page_id=15150"},"modified":"2020-09-24T13:45:18","modified_gmt":"2020-09-24T16:45:18","slug":"treinamento-erpr01-robotica-e-automacao-industrial","status":"publish","type":"page","link":"https:\/\/cienza.com.br\/br\/treinamento-erpr01-robotica-e-automacao-industrial\/","title":{"rendered":"Treinamento &#8211; ERPR01"},"content":{"rendered":"\t\t<div data-elementor-type=\"wp-page\" data-elementor-id=\"15150\" class=\"elementor elementor-15150\">\n\t\t\t\t\t\t<section class=\"elementor-section elementor-top-section elementor-element elementor-element-7daef1b elementor-section-boxed elementor-section-height-default elementor-section-height-default\" data-id=\"7daef1b\" data-element_type=\"section\" data-e-type=\"section\" data-settings=\"{&quot;background_background&quot;:&quot;classic&quot;,&quot;animation&quot;:&quot;none&quot;,&quot;animation_mobile&quot;:&quot;none&quot;,&quot;animation_delay&quot;:400}\">\n\t\t\t\t\t\t\t<div class=\"elementor-background-overlay\"><\/div>\n\t\t\t\t\t\t\t<div class=\"elementor-container elementor-column-gap-no\">\n\t\t\t\t\t<div class=\"elementor-column elementor-col-100 elementor-top-column elementor-element elementor-element-e89e1d5\" data-id=\"e89e1d5\" data-element_type=\"column\" data-e-type=\"column\" data-settings=\"{&quot;animation&quot;:&quot;none&quot;,&quot;animation_mobile&quot;:&quot;none&quot;}\">\n\t\t\t<div class=\"elementor-widget-wrap elementor-element-populated\">\n\t\t\t\t\t\t<div class=\"elementor-element elementor-element-206a3e2 elementor-widget elementor-widget-heading\" data-id=\"206a3e2\" data-element_type=\"widget\" data-e-type=\"widget\" data-widget_type=\"heading.default\">\n\t\t\t\t<div class=\"elementor-widget-container\">\n\t\t\t\t\t<h3 class=\"elementor-heading-title elementor-size-default\">ERPR01 - Programa\u00e7\u00e3o e opera\u00e7\u00e3o completas<\/h3>\t\t\t\t<\/div>\n\t\t\t\t<\/div>\n\t\t\t\t<div class=\"elementor-element elementor-element-471fe3a elementor-widget-divider--view-line elementor-widget elementor-widget-divider\" data-id=\"471fe3a\" data-element_type=\"widget\" data-e-type=\"widget\" data-widget_type=\"divider.default\">\n\t\t\t\t<div class=\"elementor-widget-container\">\n\t\t\t\t\t\t\t<div class=\"elementor-divider\">\n\t\t\t<span class=\"elementor-divider-separator\">\n\t\t\t\t\t\t<\/span>\n\t\t<\/div>\n\t\t\t\t\t\t<\/div>\n\t\t\t\t<\/div>\n\t\t\t\t<section class=\"elementor-section elementor-inner-section elementor-element elementor-element-71ffd45 elementor-section-boxed elementor-section-height-default elementor-section-height-default\" data-id=\"71ffd45\" data-element_type=\"section\" data-e-type=\"section\">\n\t\t\t\t\t\t<div class=\"elementor-container elementor-column-gap-default\">\n\t\t\t\t\t<div class=\"elementor-column elementor-col-100 elementor-inner-column elementor-element elementor-element-a872bd2\" data-id=\"a872bd2\" data-element_type=\"column\" data-e-type=\"column\">\n\t\t\t<div class=\"elementor-widget-wrap elementor-element-populated\">\n\t\t\t\t\t\t<div class=\"elementor-element elementor-element-a76cec6 elementor-widget elementor-widget-text-editor\" data-id=\"a76cec6\" data-element_type=\"widget\" data-e-type=\"widget\" data-widget_type=\"text-editor.default\">\n\t\t\t\t<div class=\"elementor-widget-container\">\n\t\t\t\t\t\t\t\t\t<p>Idiomas dispon\u00edveis: ingl\u00eas, portugu\u00eas e italiano (material de suporte apenas em ingl\u00eas ou portugu\u00eas).<\/p>\t\t\t\t\t\t\t\t<\/div>\n\t\t\t\t<\/div>\n\t\t\t\t<div class=\"elementor-element elementor-element-fc9bada elementor-widget elementor-widget-heading\" data-id=\"fc9bada\" data-element_type=\"widget\" data-e-type=\"widget\" data-widget_type=\"heading.default\">\n\t\t\t\t<div class=\"elementor-widget-container\">\n\t\t\t\t\t<h4 class=\"elementor-heading-title elementor-size-default\">OBJETIVO<\/h4>\t\t\t\t<\/div>\n\t\t\t\t<\/div>\n\t\t\t\t<div class=\"elementor-element elementor-element-93a3446 elementor-widget elementor-widget-text-editor\" data-id=\"93a3446\" data-element_type=\"widget\" data-e-type=\"widget\" data-widget_type=\"text-editor.default\">\n\t\t\t\t<div class=\"elementor-widget-container\">\n\t\t\t\t\t\t\t\t\t<p>O objetivo deste treinamento s\u00e3o engenheiros de controle, estudantes e qualquer pessoal envolvido no desenvolvimento de novos aplicativos para projetos de automa\u00e7\u00e3o robotizados. Voc\u00ea precisar\u00e1 ter experi\u00eancia pr\u00e9via em programa\u00e7\u00e3o com qualquer idioma para poder seguir este treinamento.<\/p><p>Al\u00e9m dos t\u00f3picos discutidos no treinamento EROP01, voc\u00ea aprender\u00e1:<\/p>\t\t\t\t\t\t\t\t<\/div>\n\t\t\t\t<\/div>\n\t\t\t\t<div class=\"elementor-element elementor-element-cb1ee4f elementor-widget elementor-widget-text-editor\" data-id=\"cb1ee4f\" data-element_type=\"widget\" data-e-type=\"widget\" data-widget_type=\"text-editor.default\">\n\t\t\t\t<div class=\"elementor-widget-container\">\n\t\t\t\t\t\t\t\t\t<ul><li>Toda a estrutura da linguagem EPSON SPEL + em detalhes, por exemplo:<\/li><\/ul>\t\t\t\t\t\t\t\t<\/div>\n\t\t\t\t<\/div>\n\t\t\t\t<div class=\"elementor-element elementor-element-9a66426 elementor-icon-list--layout-traditional elementor-list-item-link-full_width elementor-widget elementor-widget-icon-list\" data-id=\"9a66426\" data-element_type=\"widget\" data-e-type=\"widget\" data-widget_type=\"icon-list.default\">\n\t\t\t\t<div class=\"elementor-widget-container\">\n\t\t\t\t\t\t\t<ul class=\"elementor-icon-list-items\">\n\t\t\t\t\t\t\t<li class=\"elementor-icon-list-item\">\n\t\t\t\t\t\t\t\t\t\t\t<span class=\"elementor-icon-list-icon\">\n\t\t\t\t\t\t\t<i aria-hidden=\"true\" class=\"fas fa-check\"><\/i>\t\t\t\t\t\t<\/span>\n\t\t\t\t\t\t\t\t\t\t<span class=\"elementor-icon-list-text\">Tipos de dados e requisitos de mem\u00f3ria<\/span>\n\t\t\t\t\t\t\t\t\t<\/li>\n\t\t\t\t\t\t\t\t<li class=\"elementor-icon-list-item\">\n\t\t\t\t\t\t\t\t\t\t\t<span class=\"elementor-icon-list-icon\">\n\t\t\t\t\t\t\t<i aria-hidden=\"true\" class=\"fas fa-check\"><\/i>\t\t\t\t\t\t<\/span>\n\t\t\t\t\t\t\t\t\t\t<span class=\"elementor-icon-list-text\">Escopo das vari\u00e1veis<\/span>\n\t\t\t\t\t\t\t\t\t<\/li>\n\t\t\t\t\t\t\t\t<li class=\"elementor-icon-list-item\">\n\t\t\t\t\t\t\t\t\t\t\t<span class=\"elementor-icon-list-icon\">\n\t\t\t\t\t\t\t<i aria-hidden=\"true\" class=\"fas fa-check\"><\/i>\t\t\t\t\t\t<\/span>\n\t\t\t\t\t\t\t\t\t\t<span class=\"elementor-icon-list-text\">Estruturas de loop<\/span>\n\t\t\t\t\t\t\t\t\t<\/li>\n\t\t\t\t\t\t\t\t<li class=\"elementor-icon-list-item\">\n\t\t\t\t\t\t\t\t\t\t\t<span class=\"elementor-icon-list-icon\">\n\t\t\t\t\t\t\t<i aria-hidden=\"true\" class=\"fas fa-check\"><\/i>\t\t\t\t\t\t<\/span>\n\t\t\t\t\t\t\t\t\t\t<span class=\"elementor-icon-list-text\">Estruturas de decis\u00e3o e controle de fluxo<\/span>\n\t\t\t\t\t\t\t\t\t<\/li>\n\t\t\t\t\t\t\t\t<li class=\"elementor-icon-list-item\">\n\t\t\t\t\t\t\t\t\t\t\t<span class=\"elementor-icon-list-icon\">\n\t\t\t\t\t\t\t<i aria-hidden=\"true\" class=\"fas fa-check\"><\/i>\t\t\t\t\t\t<\/span>\n\t\t\t\t\t\t\t\t\t\t<span class=\"elementor-icon-list-text\">Tratamento de erros dentro do SPEL+<\/span>\n\t\t\t\t\t\t\t\t\t<\/li>\n\t\t\t\t\t\t\t\t<li class=\"elementor-icon-list-item\">\n\t\t\t\t\t\t\t\t\t\t\t<span class=\"elementor-icon-list-icon\">\n\t\t\t\t\t\t\t<i aria-hidden=\"true\" class=\"fas fa-check\"><\/i>\t\t\t\t\t\t<\/span>\n\t\t\t\t\t\t\t\t\t\t<span class=\"elementor-icon-list-text\">Controle IO<\/span>\n\t\t\t\t\t\t\t\t\t<\/li>\n\t\t\t\t\t\t\t\t<li class=\"elementor-icon-list-item\">\n\t\t\t\t\t\t\t\t\t\t\t<span class=\"elementor-icon-list-icon\">\n\t\t\t\t\t\t\t<i aria-hidden=\"true\" class=\"fas fa-check\"><\/i>\t\t\t\t\t\t<\/span>\n\t\t\t\t\t\t\t\t\t\t<span class=\"elementor-icon-list-text\">Fun\u00e7\u00e3o e seus par\u00e2metros e valores de retorno<\/span>\n\t\t\t\t\t\t\t\t\t<\/li>\n\t\t\t\t\t\t\t\t<li class=\"elementor-icon-list-item\">\n\t\t\t\t\t\t\t\t\t\t\t<span class=\"elementor-icon-list-icon\">\n\t\t\t\t\t\t\t<i aria-hidden=\"true\" class=\"fas fa-check\"><\/i>\t\t\t\t\t\t<\/span>\n\t\t\t\t\t\t\t\t\t\t<span class=\"elementor-icon-list-text\">Express\u00f5es de manipula\u00e7\u00e3o de pontos<\/span>\n\t\t\t\t\t\t\t\t\t<\/li>\n\t\t\t\t\t\t\t\t<li class=\"elementor-icon-list-item\">\n\t\t\t\t\t\t\t\t\t\t\t<span class=\"elementor-icon-list-icon\">\n\t\t\t\t\t\t\t<i aria-hidden=\"true\" class=\"fas fa-check\"><\/i>\t\t\t\t\t\t<\/span>\n\t\t\t\t\t\t\t\t\t\t<span class=\"elementor-icon-list-text\">Comentando o c\u00f3digo fonte<\/span>\n\t\t\t\t\t\t\t\t\t<\/li>\n\t\t\t\t\t\t\t\t<li class=\"elementor-icon-list-item\">\n\t\t\t\t\t\t\t\t\t\t\t<span class=\"elementor-icon-list-icon\">\n\t\t\t\t\t\t\t<i aria-hidden=\"true\" class=\"fas fa-check\"><\/i>\t\t\t\t\t\t<\/span>\n\t\t\t\t\t\t\t\t\t\t<span class=\"elementor-icon-list-text\">Conven\u00e7\u00f5es de nomenclatura de sintaxe e vari\u00e1vel etc.<\/span>\n\t\t\t\t\t\t\t\t\t<\/li>\n\t\t\t\t\t\t<\/ul>\n\t\t\t\t\t\t<\/div>\n\t\t\t\t<\/div>\n\t\t\t\t<div class=\"elementor-element elementor-element-470fbdd elementor-widget elementor-widget-text-editor\" data-id=\"470fbdd\" data-element_type=\"widget\" data-e-type=\"widget\" data-widget_type=\"text-editor.default\">\n\t\t\t\t<div class=\"elementor-widget-container\">\n\t\t\t\t\t\t\t\t\t<ul><li>Trabalhe com m\u00f3dulos de programas, inclua arquivos e gerenciamento geral de projetos usando o EPSON RC +<\/li><\/ul>\t\t\t\t\t\t\t\t<\/div>\n\t\t\t\t<\/div>\n\t\t\t\t<div class=\"elementor-element elementor-element-664cf57 elementor-icon-list--layout-traditional elementor-list-item-link-full_width elementor-widget elementor-widget-icon-list\" data-id=\"664cf57\" data-element_type=\"widget\" data-e-type=\"widget\" data-widget_type=\"icon-list.default\">\n\t\t\t\t<div class=\"elementor-widget-container\">\n\t\t\t\t\t\t\t<ul class=\"elementor-icon-list-items\">\n\t\t\t\t\t\t\t<li class=\"elementor-icon-list-item\">\n\t\t\t\t\t\t\t\t\t\t\t<span class=\"elementor-icon-list-icon\">\n\t\t\t\t\t\t\t<i aria-hidden=\"true\" class=\"fas fa-check\"><\/i>\t\t\t\t\t\t<\/span>\n\t\t\t\t\t\t\t\t\t\t<span class=\"elementor-icon-list-text\">Importar e exportar arquivos \/ m\u00f3dulos \/ projetos de programas<\/span>\n\t\t\t\t\t\t\t\t\t<\/li>\n\t\t\t\t\t\t\t\t<li class=\"elementor-icon-list-item\">\n\t\t\t\t\t\t\t\t\t\t\t<span class=\"elementor-icon-list-icon\">\n\t\t\t\t\t\t\t<i aria-hidden=\"true\" class=\"fas fa-check\"><\/i>\t\t\t\t\t\t<\/span>\n\t\t\t\t\t\t\t\t\t\t<span class=\"elementor-icon-list-text\">Verifica\u00e7\u00e3o de compila\u00e7\u00e3o \/ reconstru\u00e7\u00e3o \/ sintaxe<\/span>\n\t\t\t\t\t\t\t\t\t<\/li>\n\t\t\t\t\t\t<\/ul>\n\t\t\t\t\t\t<\/div>\n\t\t\t\t<\/div>\n\t\t\t\t<div class=\"elementor-element elementor-element-72d6529 elementor-widget elementor-widget-text-editor\" data-id=\"72d6529\" data-element_type=\"widget\" data-e-type=\"widget\" data-widget_type=\"text-editor.default\">\n\t\t\t\t<div class=\"elementor-widget-container\">\n\t\t\t\t\t\t\t\t\t<ul>\n \t<li>Uso de comandos avan\u00e7ados de E \/ S para manipula\u00e7\u00e3o de bits \/ bytes \/ palavras<span class=\"Apple-converted-space\">\u00a0<\/span><\/li>\n \t<li>Depure seu programa usando as v\u00e1rias ferramentas inclu\u00eddas no depurador RC +<\/li>\n \t<li>Understand the different types of motion commands available and when to choose each one<\/li>\n \t<li>Configura\u00e7\u00e3o do sistema. Especifique a carga e a in\u00e9rcia aplicadas ao rob\u00f4<span class=\"Apple-converted-space\">\u00a0<\/span><\/li>\n \t<li>Estudar o problema dos pontos de singularidade em alguns rob\u00f4s e como evit\u00e1-los\/li>\n \t<li>\nCrie e use programas multitarefa usando o controlador do rob\u00f4<\/li>\n \t<li>\nUse o simulador<\/li>\n<\/ul>\t\t\t\t\t\t\t\t<\/div>\n\t\t\t\t<\/div>\n\t\t\t\t<div class=\"elementor-element elementor-element-326064d elementor-widget elementor-widget-text-editor\" data-id=\"326064d\" data-element_type=\"widget\" data-e-type=\"widget\" data-widget_type=\"text-editor.default\">\n\t\t\t\t<div class=\"elementor-widget-container\">\n\t\t\t\t\t\t\t\t\t<p>No final deste curso, o aluno poder\u00e1 desenvolver aplicativos com o Epson Robots usando modelos de 6 eixos ou SCARA (4 eixos). Mesmo que a aplica\u00e7\u00e3o seja desafiadora, o aluno ter\u00e1 confian\u00e7a e conhecimento para solucionar quaisquer dificuldades, usando as ferramentas aprendidas e sabendo onde obter ajuda e continuar desenvolvendo suas habilidades.<\/p><p>No final deste treinamento, Cienza emitir\u00e1 um certificado de participa\u00e7\u00e3o.<\/p>\t\t\t\t\t\t\t\t<\/div>\n\t\t\t\t<\/div>\n\t\t\t\t<div class=\"elementor-element elementor-element-18e1b85 elementor-icon-list--layout-traditional elementor-list-item-link-full_width elementor-widget elementor-widget-icon-list\" data-id=\"18e1b85\" data-element_type=\"widget\" data-e-type=\"widget\" data-widget_type=\"icon-list.default\">\n\t\t\t\t<div class=\"elementor-widget-container\">\n\t\t\t\t\t\t\t<ul class=\"elementor-icon-list-items\">\n\t\t\t\t\t\t\t<li class=\"elementor-icon-list-item\">\n\t\t\t\t\t\t\t\t\t\t<span class=\"elementor-icon-list-text\"><b>Pr\u00e9-requisitos:<\/b> O aluno precisa ter habilidades de programa\u00e7\u00e3o anteriores em qualquer idioma. O curso n\u00e3o ensinar\u00e1 a l\u00f3gica da programa\u00e7\u00e3o ou conceitos fundamentais de programa\u00e7\u00e3o (por exemplo, o que \u00e9 uma vari\u00e1vel). Se voc\u00ea n\u00e3o tem nenhuma experi\u00eancia anterior em programa\u00e7\u00e3o, \u00e9 recomend\u00e1vel fazer um treinamento em programa\u00e7\u00e3o l\u00f3gica antes. Durante o treinamento, os alunos dever\u00e3o realizar laborat\u00f3rios com crescente complexidade.<\/span>\n\t\t\t\t\t\t\t\t\t<\/li>\n\t\t\t\t\t\t\t\t<li class=\"elementor-icon-list-item\">\n\t\t\t\t\t\t\t\t\t\t<span class=\"elementor-icon-list-text\"><b>Dura\u00e7\u00e3o:<\/b> 3 dias <\/span>\n\t\t\t\t\t\t\t\t\t<\/li>\n\t\t\t\t\t\t<\/ul>\n\t\t\t\t\t\t<\/div>\n\t\t\t\t<\/div>\n\t\t\t\t\t<\/div>\n\t\t<\/div>\n\t\t\t\t\t<\/div>\n\t\t<\/section>\n\t\t\t\t<div class=\"elementor-element elementor-element-1c34afe elementor-widget elementor-widget-gallery\" data-id=\"1c34afe\" data-element_type=\"widget\" data-e-type=\"widget\" data-widget_type=\"gallery.default\">\n\t\t\t\t<div class=\"elementor-widget-container\">\n\t\t\t\t\t \t\t\t\t<\/div>\n\t\t\t\t<\/div>\n\t\t\t\t\t<\/div>\n\t\t<\/div>\n\t\t\t\t\t<\/div>\n\t\t<\/section>\n\t\t\t\t<section class=\"elementor-section elementor-top-section elementor-element elementor-element-a584926 elementor-section-stretched elementor-section-full_width elementor-section-height-default elementor-section-height-default\" data-id=\"a584926\" data-element_type=\"section\" data-e-type=\"section\" data-settings=\"{&quot;stretch_section&quot;:&quot;section-stretched&quot;}\">\n\t\t\t\t\t\t<div class=\"elementor-container elementor-column-gap-no\">\n\t\t\t\t\t<div class=\"elementor-column elementor-col-100 elementor-top-column elementor-element elementor-element-aa1577d\" data-id=\"aa1577d\" data-element_type=\"column\" data-e-type=\"column\">\n\t\t\t<div class=\"elementor-widget-wrap\">\n\t\t\t\t\t\t\t<\/div>\n\t\t<\/div>\n\t\t\t\t\t<\/div>\n\t\t<\/section>\n\t\t\t\t<\/div>\n\t\t","protected":false},"excerpt":{"rendered":"<p>ERPR01 &#8211; Programa\u00e7\u00e3o e opera\u00e7\u00e3o completas Idiomas dispon\u00edveis: ingl\u00eas, portugu\u00eas e italiano (material de suporte apenas em ingl\u00eas ou portugu\u00eas). OBJETIVO O objetivo deste treinamento s\u00e3o engenheiros de controle, estudantes e qualquer pessoal envolvido no desenvolvimento de novos aplicativos para projetos de automa\u00e7\u00e3o robotizados. Voc\u00ea precisar\u00e1 ter experi\u00eancia pr\u00e9via em programa\u00e7\u00e3o com qualquer idioma para [&hellip;]<\/p>\n","protected":false},"author":2,"featured_media":0,"parent":0,"menu_order":0,"comment_status":"closed","ping_status":"closed","template":"","meta":{"footnotes":""},"class_list":["post-15150","page","type-page","status-publish","hentry"],"yoast_head":"<!-- This site is optimized with the Yoast SEO plugin v27.4 - https:\/\/yoast.com\/product\/yoast-seo-wordpress\/ -->\n<title>Treinamento - ERPR01 - Rob\u00f3tica e Automa\u00e7\u00e3o Industrial<\/title>\n<meta name=\"description\" content=\"Rob\u00f3tica e Automa\u00e7\u00e3o Industrial - Programa\u00e7\u00e3o, Manuten\u00e7\u00e3o, treinamento, simula\u00e7\u00e3o e prova de princ\u00edpio - Cienza Desenvolvimento\" \/>\n<meta name=\"robots\" content=\"index, follow, max-snippet:-1, max-image-preview:large, max-video-preview:-1\" \/>\n<link rel=\"canonical\" href=\"https:\/\/cienza.com.br\/br\/treinamento-erpr01-robotica-e-automacao-industrial\/\" \/>\n<meta property=\"og:locale\" content=\"pt_BR\" \/>\n<meta property=\"og:type\" content=\"article\" \/>\n<meta property=\"og:title\" content=\"Treinamento - ERPR01 - Rob\u00f3tica e Automa\u00e7\u00e3o Industrial\" \/>\n<meta property=\"og:description\" content=\"Rob\u00f3tica e Automa\u00e7\u00e3o Industrial - Programa\u00e7\u00e3o, Manuten\u00e7\u00e3o, treinamento, simula\u00e7\u00e3o e prova de princ\u00edpio - Cienza Desenvolvimento\" \/>\n<meta property=\"og:url\" content=\"https:\/\/cienza.com.br\/br\/treinamento-erpr01-robotica-e-automacao-industrial\/\" \/>\n<meta property=\"og:site_name\" content=\"Empresa de Automa\u00e7\u00e3o Industrial\" \/>\n<meta property=\"article:modified_time\" content=\"2020-09-24T16:45:18+00:00\" \/>\n<meta name=\"twitter:card\" content=\"summary_large_image\" \/>\n<meta name=\"twitter:label1\" content=\"Est. tempo de leitura\" \/>\n\t<meta name=\"twitter:data1\" content=\"2 minutos\" \/>\n<script type=\"application\/ld+json\" class=\"yoast-schema-graph\">{\"@context\":\"https:\\\/\\\/schema.org\",\"@graph\":[{\"@type\":\"WebPage\",\"@id\":\"https:\\\/\\\/cienza.com.br\\\/br\\\/treinamento-erpr01-robotica-e-automacao-industrial\\\/\",\"url\":\"https:\\\/\\\/cienza.com.br\\\/br\\\/treinamento-erpr01-robotica-e-automacao-industrial\\\/\",\"name\":\"Treinamento - ERPR01 - Rob\u00f3tica e Automa\u00e7\u00e3o Industrial\",\"isPartOf\":{\"@id\":\"https:\\\/\\\/cienza.com.br\\\/br\\\/#website\"},\"datePublished\":\"2020-06-15T14:43:08+00:00\",\"dateModified\":\"2020-09-24T16:45:18+00:00\",\"description\":\"Rob\u00f3tica e Automa\u00e7\u00e3o Industrial - Programa\u00e7\u00e3o, Manuten\u00e7\u00e3o, treinamento, simula\u00e7\u00e3o e prova de princ\u00edpio - Cienza Desenvolvimento\",\"breadcrumb\":{\"@id\":\"https:\\\/\\\/cienza.com.br\\\/br\\\/treinamento-erpr01-robotica-e-automacao-industrial\\\/#breadcrumb\"},\"inLanguage\":\"pt-BR\",\"potentialAction\":[{\"@type\":\"ReadAction\",\"target\":[\"https:\\\/\\\/cienza.com.br\\\/br\\\/treinamento-erpr01-robotica-e-automacao-industrial\\\/\"]}]},{\"@type\":\"BreadcrumbList\",\"@id\":\"https:\\\/\\\/cienza.com.br\\\/br\\\/treinamento-erpr01-robotica-e-automacao-industrial\\\/#breadcrumb\",\"itemListElement\":[{\"@type\":\"ListItem\",\"position\":1,\"name\":\"In\u00edcio\",\"item\":\"https:\\\/\\\/cienza.com.br\\\/br\\\/\"},{\"@type\":\"ListItem\",\"position\":2,\"name\":\"Treinamento &#8211; ERPR01\"}]},{\"@type\":\"WebSite\",\"@id\":\"https:\\\/\\\/cienza.com.br\\\/br\\\/#website\",\"url\":\"https:\\\/\\\/cienza.com.br\\\/br\\\/\",\"name\":\"Empresa de Automa\u00e7\u00e3o Industrial\",\"description\":\"Empresa de Automa\u00e7\u00e3o Industrial - Programa\u00e7\u00e3o, Manuten\u00e7\u00e3o, treinamento, simula\u00e7\u00e3o e prova de princ\u00edpio.\",\"publisher\":{\"@id\":\"https:\\\/\\\/cienza.com.br\\\/br\\\/#organization\"},\"potentialAction\":[{\"@type\":\"SearchAction\",\"target\":{\"@type\":\"EntryPoint\",\"urlTemplate\":\"https:\\\/\\\/cienza.com.br\\\/br\\\/?s={search_term_string}\"},\"query-input\":{\"@type\":\"PropertyValueSpecification\",\"valueRequired\":true,\"valueName\":\"search_term_string\"}}],\"inLanguage\":\"pt-BR\"},{\"@type\":\"Organization\",\"@id\":\"https:\\\/\\\/cienza.com.br\\\/br\\\/#organization\",\"name\":\"Empresa de Automa\u00e7\u00e3o Industrial\",\"url\":\"https:\\\/\\\/cienza.com.br\\\/br\\\/\",\"logo\":{\"@type\":\"ImageObject\",\"inLanguage\":\"pt-BR\",\"@id\":\"https:\\\/\\\/cienza.com.br\\\/br\\\/#\\\/schema\\\/logo\\\/image\\\/\",\"url\":\"https:\\\/\\\/cienza.com.br\\\/wp-content\\\/uploads\\\/2020\\\/05\\\/cropped-logo-768x240-1.png\",\"contentUrl\":\"https:\\\/\\\/cienza.com.br\\\/wp-content\\\/uploads\\\/2020\\\/05\\\/cropped-logo-768x240-1.png\",\"width\":768,\"height\":240,\"caption\":\"Empresa de Automa\u00e7\u00e3o Industrial\"},\"image\":{\"@id\":\"https:\\\/\\\/cienza.com.br\\\/br\\\/#\\\/schema\\\/logo\\\/image\\\/\"}}]}<\/script>\n<!-- \/ Yoast SEO plugin. -->","yoast_head_json":{"title":"Treinamento - ERPR01 - Rob\u00f3tica e Automa\u00e7\u00e3o Industrial","description":"Rob\u00f3tica e Automa\u00e7\u00e3o Industrial - Programa\u00e7\u00e3o, Manuten\u00e7\u00e3o, treinamento, simula\u00e7\u00e3o e prova de princ\u00edpio - Cienza Desenvolvimento","robots":{"index":"index","follow":"follow","max-snippet":"max-snippet:-1","max-image-preview":"max-image-preview:large","max-video-preview":"max-video-preview:-1"},"canonical":"https:\/\/cienza.com.br\/br\/treinamento-erpr01-robotica-e-automacao-industrial\/","og_locale":"pt_BR","og_type":"article","og_title":"Treinamento - ERPR01 - Rob\u00f3tica e Automa\u00e7\u00e3o Industrial","og_description":"Rob\u00f3tica e Automa\u00e7\u00e3o Industrial - Programa\u00e7\u00e3o, Manuten\u00e7\u00e3o, treinamento, simula\u00e7\u00e3o e prova de princ\u00edpio - Cienza Desenvolvimento","og_url":"https:\/\/cienza.com.br\/br\/treinamento-erpr01-robotica-e-automacao-industrial\/","og_site_name":"Empresa de Automa\u00e7\u00e3o Industrial","article_modified_time":"2020-09-24T16:45:18+00:00","twitter_card":"summary_large_image","twitter_misc":{"Est. tempo de leitura":"2 minutos"},"schema":{"@context":"https:\/\/schema.org","@graph":[{"@type":"WebPage","@id":"https:\/\/cienza.com.br\/br\/treinamento-erpr01-robotica-e-automacao-industrial\/","url":"https:\/\/cienza.com.br\/br\/treinamento-erpr01-robotica-e-automacao-industrial\/","name":"Treinamento - ERPR01 - Rob\u00f3tica e Automa\u00e7\u00e3o Industrial","isPartOf":{"@id":"https:\/\/cienza.com.br\/br\/#website"},"datePublished":"2020-06-15T14:43:08+00:00","dateModified":"2020-09-24T16:45:18+00:00","description":"Rob\u00f3tica e Automa\u00e7\u00e3o Industrial - Programa\u00e7\u00e3o, Manuten\u00e7\u00e3o, treinamento, simula\u00e7\u00e3o e prova de princ\u00edpio - Cienza Desenvolvimento","breadcrumb":{"@id":"https:\/\/cienza.com.br\/br\/treinamento-erpr01-robotica-e-automacao-industrial\/#breadcrumb"},"inLanguage":"pt-BR","potentialAction":[{"@type":"ReadAction","target":["https:\/\/cienza.com.br\/br\/treinamento-erpr01-robotica-e-automacao-industrial\/"]}]},{"@type":"BreadcrumbList","@id":"https:\/\/cienza.com.br\/br\/treinamento-erpr01-robotica-e-automacao-industrial\/#breadcrumb","itemListElement":[{"@type":"ListItem","position":1,"name":"In\u00edcio","item":"https:\/\/cienza.com.br\/br\/"},{"@type":"ListItem","position":2,"name":"Treinamento &#8211; ERPR01"}]},{"@type":"WebSite","@id":"https:\/\/cienza.com.br\/br\/#website","url":"https:\/\/cienza.com.br\/br\/","name":"Empresa de Automa\u00e7\u00e3o Industrial","description":"Empresa de Automa\u00e7\u00e3o Industrial - Programa\u00e7\u00e3o, Manuten\u00e7\u00e3o, treinamento, simula\u00e7\u00e3o e prova de princ\u00edpio.","publisher":{"@id":"https:\/\/cienza.com.br\/br\/#organization"},"potentialAction":[{"@type":"SearchAction","target":{"@type":"EntryPoint","urlTemplate":"https:\/\/cienza.com.br\/br\/?s={search_term_string}"},"query-input":{"@type":"PropertyValueSpecification","valueRequired":true,"valueName":"search_term_string"}}],"inLanguage":"pt-BR"},{"@type":"Organization","@id":"https:\/\/cienza.com.br\/br\/#organization","name":"Empresa de Automa\u00e7\u00e3o Industrial","url":"https:\/\/cienza.com.br\/br\/","logo":{"@type":"ImageObject","inLanguage":"pt-BR","@id":"https:\/\/cienza.com.br\/br\/#\/schema\/logo\/image\/","url":"https:\/\/cienza.com.br\/wp-content\/uploads\/2020\/05\/cropped-logo-768x240-1.png","contentUrl":"https:\/\/cienza.com.br\/wp-content\/uploads\/2020\/05\/cropped-logo-768x240-1.png","width":768,"height":240,"caption":"Empresa de Automa\u00e7\u00e3o Industrial"},"image":{"@id":"https:\/\/cienza.com.br\/br\/#\/schema\/logo\/image\/"}}]}},"jetpack_sharing_enabled":true,"_links":{"self":[{"href":"https:\/\/cienza.com.br\/br\/wp-json\/wp\/v2\/pages\/15150","targetHints":{"allow":["GET"]}}],"collection":[{"href":"https:\/\/cienza.com.br\/br\/wp-json\/wp\/v2\/pages"}],"about":[{"href":"https:\/\/cienza.com.br\/br\/wp-json\/wp\/v2\/types\/page"}],"author":[{"embeddable":true,"href":"https:\/\/cienza.com.br\/br\/wp-json\/wp\/v2\/users\/2"}],"replies":[{"embeddable":true,"href":"https:\/\/cienza.com.br\/br\/wp-json\/wp\/v2\/comments?post=15150"}],"version-history":[{"count":1,"href":"https:\/\/cienza.com.br\/br\/wp-json\/wp\/v2\/pages\/15150\/revisions"}],"predecessor-version":[{"id":15547,"href":"https:\/\/cienza.com.br\/br\/wp-json\/wp\/v2\/pages\/15150\/revisions\/15547"}],"wp:attachment":[{"href":"https:\/\/cienza.com.br\/br\/wp-json\/wp\/v2\/media?parent=15150"}],"curies":[{"name":"wp","href":"https:\/\/api.w.org\/{rel}","templated":true}]}}