{"id":15147,"date":"2020-06-15T11:38:18","date_gmt":"2020-06-15T14:38:18","guid":{"rendered":"https:\/\/cienza.com.br\/?page_id=15147"},"modified":"2020-09-24T13:43:40","modified_gmt":"2020-09-24T16:43:40","slug":"treinamento-erop01-robotica-e-automacao-industrial","status":"publish","type":"page","link":"https:\/\/cienza.com.br\/uk\/treinamento-erop01-robotica-e-automacao-industrial\/","title":{"rendered":"Treinamento &#8211; EROP01"},"content":{"rendered":"<div data-elementor-type=\"wp-page\" data-elementor-id=\"15147\" class=\"elementor elementor-15147\">\n\t\t\t\t\t\t<section class=\"elementor-section elementor-top-section elementor-element elementor-element-7daef1b elementor-section-boxed elementor-section-height-default elementor-section-height-default\" data-id=\"7daef1b\" data-element_type=\"section\" data-e-type=\"section\" data-settings=\"{&quot;background_background&quot;:&quot;classic&quot;,&quot;animation&quot;:&quot;none&quot;,&quot;animation_mobile&quot;:&quot;none&quot;,&quot;animation_delay&quot;:400}\">\n\t\t\t\t\t\t\t<div class=\"elementor-background-overlay\"><\/div>\n\t\t\t\t\t\t\t<div class=\"elementor-container elementor-column-gap-no\">\n\t\t\t\t\t<div class=\"elementor-column elementor-col-100 elementor-top-column elementor-element elementor-element-e89e1d5\" data-id=\"e89e1d5\" data-element_type=\"column\" data-e-type=\"column\" data-settings=\"{&quot;animation&quot;:&quot;none&quot;,&quot;animation_mobile&quot;:&quot;none&quot;}\">\n\t\t\t<div class=\"elementor-widget-wrap elementor-element-populated\">\n\t\t\t\t\t\t<div class=\"elementor-element elementor-element-206a3e2 elementor-widget elementor-widget-heading\" data-id=\"206a3e2\" data-element_type=\"widget\" data-e-type=\"widget\" data-widget_type=\"heading.default\">\n\t\t\t\t<div class=\"elementor-widget-container\">\n\t\t\t\t\t<h3 class=\"elementor-heading-title elementor-size-default\">EROP01 - Basic operation and programming (1 Day)\n<\/h3>\t\t\t\t<\/div>\n\t\t\t\t<\/div>\n\t\t\t\t<div class=\"elementor-element elementor-element-471fe3a elementor-widget-divider--view-line elementor-widget elementor-widget-divider\" data-id=\"471fe3a\" data-element_type=\"widget\" data-e-type=\"widget\" data-widget_type=\"divider.default\">\n\t\t\t\t<div class=\"elementor-widget-container\">\n\t\t\t\t\t\t\t<div class=\"elementor-divider\">\n\t\t\t<span class=\"elementor-divider-separator\">\n\t\t\t\t\t\t<\/span>\n\t\t<\/div>\n\t\t\t\t\t\t<\/div>\n\t\t\t\t<\/div>\n\t\t\t\t<section class=\"elementor-section elementor-inner-section elementor-element elementor-element-71ffd45 elementor-section-boxed elementor-section-height-default elementor-section-height-default\" data-id=\"71ffd45\" data-element_type=\"section\" data-e-type=\"section\">\n\t\t\t\t\t\t<div class=\"elementor-container elementor-column-gap-default\">\n\t\t\t\t\t<div class=\"elementor-column elementor-col-100 elementor-inner-column elementor-element elementor-element-a872bd2\" data-id=\"a872bd2\" data-element_type=\"column\" data-e-type=\"column\">\n\t\t\t<div class=\"elementor-widget-wrap elementor-element-populated\">\n\t\t\t\t\t\t<div class=\"elementor-element elementor-element-a76cec6 elementor-widget elementor-widget-text-editor\" data-id=\"a76cec6\" data-element_type=\"widget\" data-e-type=\"widget\" data-widget_type=\"text-editor.default\">\n\t\t\t\t<div class=\"elementor-widget-container\">\n\t\t\t\t\t\t\t\t\t<p>Available languages: English, Portuguese and Italian (support material only in English or Portuguese).<\/p>\t\t\t\t\t\t\t\t<\/div>\n\t\t\t\t<\/div>\n\t\t\t\t<div class=\"elementor-element elementor-element-fc9bada elementor-widget elementor-widget-heading\" data-id=\"fc9bada\" data-element_type=\"widget\" data-e-type=\"widget\" data-widget_type=\"heading.default\">\n\t\t\t\t<div class=\"elementor-widget-container\">\n\t\t\t\t\t<h4 class=\"elementor-heading-title elementor-size-default\">OBJECTIVE<\/h4>\t\t\t\t<\/div>\n\t\t\t\t<\/div>\n\t\t\t\t<div class=\"elementor-element elementor-element-93a3446 elementor-widget elementor-widget-text-editor\" data-id=\"93a3446\" data-element_type=\"widget\" data-e-type=\"widget\" data-widget_type=\"text-editor.default\">\n\t\t\t\t<div class=\"elementor-widget-container\">\n\t\t\t\t\t\t\t\t\t<p>This training will provide enough knowledge for people who deal with the robot on a daily basis and do not need deep programming knowledge to develop applications from scratch.<\/p><p>You will learn:<\/p>\t\t\t\t\t\t\t\t<\/div>\n\t\t\t\t<\/div>\n\t\t\t\t<div class=\"elementor-element elementor-element-9a66426 elementor-icon-list--layout-traditional elementor-list-item-link-full_width elementor-widget elementor-widget-icon-list\" data-id=\"9a66426\" data-element_type=\"widget\" data-e-type=\"widget\" data-widget_type=\"icon-list.default\">\n\t\t\t\t<div class=\"elementor-widget-container\">\n\t\t\t\t\t\t\t<ul class=\"elementor-icon-list-items\">\n\t\t\t\t\t\t\t<li class=\"elementor-icon-list-item\">\n\t\t\t\t\t\t\t\t\t\t\t<span class=\"elementor-icon-list-icon\">\n\t\t\t\t\t\t\t<i aria-hidden=\"true\" class=\"fas fa-check\"><\/i>\t\t\t\t\t\t<\/span>\n\t\t\t\t\t\t\t\t\t\t<span class=\"elementor-icon-list-text\">Overview of the industrial robot.<\/span>\n\t\t\t\t\t\t\t\t\t<\/li>\n\t\t\t\t\t\t\t\t<li class=\"elementor-icon-list-item\">\n\t\t\t\t\t\t\t\t\t\t\t<span class=\"elementor-icon-list-icon\">\n\t\t\t\t\t\t\t<i aria-hidden=\"true\" class=\"fas fa-check\"><\/i>\t\t\t\t\t\t<\/span>\n\t\t\t\t\t\t\t\t\t\t<span class=\"elementor-icon-list-text\"> Overview of software components.<\/span>\n\t\t\t\t\t\t\t\t\t<\/li>\n\t\t\t\t\t\t\t\t<li class=\"elementor-icon-list-item\">\n\t\t\t\t\t\t\t\t\t\t\t<span class=\"elementor-icon-list-icon\">\n\t\t\t\t\t\t\t<i aria-hidden=\"true\" class=\"fas fa-check\"><\/i>\t\t\t\t\t\t<\/span>\n\t\t\t\t\t\t\t\t\t\t<span class=\"elementor-icon-list-text\">The controller structure and basic maintenance.<\/span>\n\t\t\t\t\t\t\t\t\t<\/li>\n\t\t\t\t\t\t\t\t<li class=\"elementor-icon-list-item\">\n\t\t\t\t\t\t\t\t\t\t\t<span class=\"elementor-icon-list-icon\">\n\t\t\t\t\t\t\t<i aria-hidden=\"true\" class=\"fas fa-check\"><\/i>\t\t\t\t\t\t<\/span>\n\t\t\t\t\t\t\t\t\t\t<span class=\"elementor-icon-list-text\">To perform a backup and perform a restore in case of failure.<\/span>\n\t\t\t\t\t\t\t\t\t<\/li>\n\t\t\t\t\t\t\t\t<li class=\"elementor-icon-list-item\">\n\t\t\t\t\t\t\t\t\t\t\t<span class=\"elementor-icon-list-icon\">\n\t\t\t\t\t\t\t<i aria-hidden=\"true\" class=\"fas fa-check\"><\/i>\t\t\t\t\t\t<\/span>\n\t\t\t\t\t\t\t\t\t\t<span class=\"elementor-icon-list-text\">How to use EPSON RC + software to recover the robot from a failure, move it in different movement modes, change settings, understand the system log, etc.<\/span>\n\t\t\t\t\t\t\t\t\t<\/li>\n\t\t\t\t\t\t\t\t<li class=\"elementor-icon-list-item\">\n\t\t\t\t\t\t\t\t\t\t\t<span class=\"elementor-icon-list-icon\">\n\t\t\t\t\t\t\t<i aria-hidden=\"true\" class=\"fas fa-check\"><\/i>\t\t\t\t\t\t<\/span>\n\t\t\t\t\t\t\t\t\t\t<span class=\"elementor-icon-list-text\">The difference between the modes of operation (automatic \/ remote \/ programming), how to recognize, switch between them and when to use each mode.<\/span>\n\t\t\t\t\t\t\t\t\t<\/li>\n\t\t\t\t\t\t\t\t<li class=\"elementor-icon-list-item\">\n\t\t\t\t\t\t\t\t\t\t\t<span class=\"elementor-icon-list-icon\">\n\t\t\t\t\t\t\t<i aria-hidden=\"true\" class=\"fas fa-check\"><\/i>\t\t\t\t\t\t<\/span>\n\t\t\t\t\t\t\t\t\t\t<span class=\"elementor-icon-list-text\">Interpret and respond to error messages.<\/span>\n\t\t\t\t\t\t\t\t\t<\/li>\n\t\t\t\t\t\t\t\t<li class=\"elementor-icon-list-item\">\n\t\t\t\t\t\t\t\t\t\t\t<span class=\"elementor-icon-list-icon\">\n\t\t\t\t\t\t\t<i aria-hidden=\"true\" class=\"fas fa-check\"><\/i>\t\t\t\t\t\t<\/span>\n\t\t\t\t\t\t\t\t\t\t<span class=\"elementor-icon-list-text\">Use the movement instructions in a basic program.<\/span>\n\t\t\t\t\t\t\t\t\t<\/li>\n\t\t\t\t\t\t\t\t<li class=\"elementor-icon-list-item\">\n\t\t\t\t\t\t\t\t\t\t\t<span class=\"elementor-icon-list-icon\">\n\t\t\t\t\t\t\t<i aria-hidden=\"true\" class=\"fas fa-check\"><\/i>\t\t\t\t\t\t<\/span>\n\t\t\t\t\t\t\t\t\t\t<span class=\"elementor-icon-list-text\">Use the input and output instructions in a program and manually.<\/span>\n\t\t\t\t\t\t\t\t\t<\/li>\n\t\t\t\t\t\t\t\t<li class=\"elementor-icon-list-item\">\n\t\t\t\t\t\t\t\t\t\t\t<span class=\"elementor-icon-list-icon\">\n\t\t\t\t\t\t\t<i aria-hidden=\"true\" class=\"fas fa-check\"><\/i>\t\t\t\t\t\t<\/span>\n\t\t\t\t\t\t\t\t\t\t<span class=\"elementor-icon-list-text\">Understand the system's security features and best practices for the safe use of an industrial robot.<\/span>\n\t\t\t\t\t\t\t\t\t<\/li>\n\t\t\t\t\t\t<\/ul>\n\t\t\t\t\t\t<\/div>\n\t\t\t\t<\/div>\n\t\t\t\t<div class=\"elementor-element elementor-element-326064d elementor-widget elementor-widget-text-editor\" data-id=\"326064d\" data-element_type=\"widget\" data-e-type=\"widget\" data-widget_type=\"text-editor.default\">\n\t\t\t\t<div class=\"elementor-widget-container\">\n\t\t\t\t\t\t\t\t\t<p>This course is conducted with several hands-on labs and exercises.<\/p><p>After this training, the student will be able to work with the robot and solve simple and common failures without the need for external support. The course will focus heavily on the safety and proper handling of the robot, to avoid injury and machine failure, which results in interruptions and losses in production.<\/p><p>At the end, Cienza will issue a certificate of participation<\/p>\t\t\t\t\t\t\t\t<\/div>\n\t\t\t\t<\/div>\n\t\t\t\t<div class=\"elementor-element elementor-element-18e1b85 elementor-icon-list--layout-traditional elementor-list-item-link-full_width elementor-widget elementor-widget-icon-list\" data-id=\"18e1b85\" data-element_type=\"widget\" data-e-type=\"widget\" data-widget_type=\"icon-list.default\">\n\t\t\t\t<div class=\"elementor-widget-container\">\n\t\t\t\t\t\t\t<ul class=\"elementor-icon-list-items\">\n\t\t\t\t\t\t\t<li class=\"elementor-icon-list-item\">\n\t\t\t\t\t\t\t\t\t\t<span class=\"elementor-icon-list-text\"><b>Prerequisites:<\/b>  Knowledge of how to use Windows 10<\/span>\n\t\t\t\t\t\t\t\t\t<\/li>\n\t\t\t\t\t\t\t\t<li class=\"elementor-icon-list-item\">\n\t\t\t\t\t\t\t\t\t\t<span class=\"elementor-icon-list-text\"><b>Duration:<\/b> 1 day<\/span>\n\t\t\t\t\t\t\t\t\t<\/li>\n\t\t\t\t\t\t<\/ul>\n\t\t\t\t\t\t<\/div>\n\t\t\t\t<\/div>\n\t\t\t\t\t<\/div>\n\t\t<\/div>\n\t\t\t\t\t<\/div>\n\t\t<\/section>\n\t\t\t\t\t<\/div>\n\t\t<\/div>\n\t\t\t\t\t<\/div>\n\t\t<\/section>\n\t\t\t\t<section class=\"elementor-section elementor-top-section elementor-element elementor-element-a584926 elementor-section-stretched elementor-section-full_width elementor-section-height-default elementor-section-height-default\" data-id=\"a584926\" data-element_type=\"section\" data-e-type=\"section\" data-settings=\"{&quot;stretch_section&quot;:&quot;section-stretched&quot;}\">\n\t\t\t\t\t\t<div class=\"elementor-container elementor-column-gap-no\">\n\t\t\t\t\t<div class=\"elementor-column elementor-col-100 elementor-top-column elementor-element elementor-element-aa1577d\" data-id=\"aa1577d\" data-element_type=\"column\" data-e-type=\"column\">\n\t\t\t<div class=\"elementor-widget-wrap\">\n\t\t\t\t\t\t\t<\/div>\n\t\t<\/div>\n\t\t\t\t\t<\/div>\n\t\t<\/section>\n\t\t\t\t<\/div>","protected":false},"excerpt":{"rendered":"<p>EROP01 &#8211; Opera\u00e7\u00e3o e programa\u00e7\u00e3o b\u00e1sica (1 Dia) Idiomas dispon\u00edveis: ingl\u00eas, portugu\u00eas e italiano (material de suporte apenas em ingl\u00eas ou portugu\u00eas). OBJETIVO Esse treinamento fornecer\u00e1 conhecimento suficiente para as pessoas que lidam com o rob\u00f4 diariamente e n\u00e3o precisa de conhecimento profundo de programa\u00e7\u00e3o para desenvolver aplicativos a partir do zero. Voc\u00ea vai aprender: [&hellip;]<\/p>\n","protected":false},"author":2,"featured_media":0,"parent":0,"menu_order":0,"comment_status":"closed","ping_status":"closed","template":"","meta":{"footnotes":""},"class_list":["post-15147","page","type-page","status-publish","hentry"],"yoast_head":"<!-- This site is optimized with the Yoast SEO plugin v27.4 - https:\/\/yoast.com\/product\/yoast-seo-wordpress\/ -->\n<title>Treinamento - EROP01 - Rob\u00f3tica e Automa\u00e7\u00e3o Industrial<\/title>\n<meta name=\"description\" content=\"Rob\u00f3tica e Automa\u00e7\u00e3o Industrial - Programa\u00e7\u00e3o, Manuten\u00e7\u00e3o, treinamento, simula\u00e7\u00e3o e prova de princ\u00edpio - Cienza Desenvolvimento\" \/>\n<meta name=\"robots\" content=\"index, follow, max-snippet:-1, max-image-preview:large, max-video-preview:-1\" \/>\n<link rel=\"canonical\" href=\"https:\/\/cienza.com.br\/uk\/treinamento-erop01-robotica-e-automacao-industrial\/\" \/>\n<meta property=\"og:locale\" content=\"en_GB\" \/>\n<meta property=\"og:type\" content=\"article\" \/>\n<meta property=\"og:title\" content=\"Treinamento - EROP01 - Rob\u00f3tica e Automa\u00e7\u00e3o Industrial\" \/>\n<meta property=\"og:description\" content=\"Rob\u00f3tica e Automa\u00e7\u00e3o Industrial - Programa\u00e7\u00e3o, Manuten\u00e7\u00e3o, treinamento, simula\u00e7\u00e3o e prova de princ\u00edpio - Cienza Desenvolvimento\" \/>\n<meta property=\"og:url\" content=\"https:\/\/cienza.com.br\/uk\/treinamento-erop01-robotica-e-automacao-industrial\/\" \/>\n<meta property=\"og:site_name\" content=\"Empresa de Automa\u00e7\u00e3o Industrial\" \/>\n<meta property=\"article:modified_time\" content=\"2020-09-24T16:43:40+00:00\" \/>\n<meta name=\"twitter:card\" content=\"summary_large_image\" \/>\n<meta name=\"twitter:label1\" content=\"Estimated reading time\" \/>\n\t<meta name=\"twitter:data1\" content=\"1 minute\" \/>\n<script type=\"application\/ld+json\" class=\"yoast-schema-graph\">{\"@context\":\"https:\\\/\\\/schema.org\",\"@graph\":[{\"@type\":\"WebPage\",\"@id\":\"https:\\\/\\\/cienza.com.br\\\/br\\\/treinamento-erop01-robotica-e-automacao-industrial\\\/\",\"url\":\"https:\\\/\\\/cienza.com.br\\\/br\\\/treinamento-erop01-robotica-e-automacao-industrial\\\/\",\"name\":\"Treinamento - EROP01 - Rob\u00f3tica e Automa\u00e7\u00e3o Industrial\",\"isPartOf\":{\"@id\":\"https:\\\/\\\/cienza.com.br\\\/br\\\/#website\"},\"datePublished\":\"2020-06-15T14:38:18+00:00\",\"dateModified\":\"2020-09-24T16:43:40+00:00\",\"description\":\"Rob\u00f3tica e Automa\u00e7\u00e3o Industrial - Programa\u00e7\u00e3o, Manuten\u00e7\u00e3o, treinamento, simula\u00e7\u00e3o e prova de princ\u00edpio - Cienza Desenvolvimento\",\"breadcrumb\":{\"@id\":\"https:\\\/\\\/cienza.com.br\\\/br\\\/treinamento-erop01-robotica-e-automacao-industrial\\\/#breadcrumb\"},\"inLanguage\":\"en-GB\",\"potentialAction\":[{\"@type\":\"ReadAction\",\"target\":[\"https:\\\/\\\/cienza.com.br\\\/br\\\/treinamento-erop01-robotica-e-automacao-industrial\\\/\"]}]},{\"@type\":\"BreadcrumbList\",\"@id\":\"https:\\\/\\\/cienza.com.br\\\/br\\\/treinamento-erop01-robotica-e-automacao-industrial\\\/#breadcrumb\",\"itemListElement\":[{\"@type\":\"ListItem\",\"position\":1,\"name\":\"In\u00edcio\",\"item\":\"https:\\\/\\\/cienza.com.br\\\/br\\\/\"},{\"@type\":\"ListItem\",\"position\":2,\"name\":\"Treinamento &#8211; EROP01\"}]},{\"@type\":\"WebSite\",\"@id\":\"https:\\\/\\\/cienza.com.br\\\/br\\\/#website\",\"url\":\"https:\\\/\\\/cienza.com.br\\\/br\\\/\",\"name\":\"Empresa de Automa\u00e7\u00e3o Industrial\",\"description\":\"Empresa de Automa\u00e7\u00e3o Industrial - Programa\u00e7\u00e3o, Manuten\u00e7\u00e3o, treinamento, simula\u00e7\u00e3o e prova de princ\u00edpio.\",\"publisher\":{\"@id\":\"https:\\\/\\\/cienza.com.br\\\/br\\\/#organization\"},\"potentialAction\":[{\"@type\":\"SearchAction\",\"target\":{\"@type\":\"EntryPoint\",\"urlTemplate\":\"https:\\\/\\\/cienza.com.br\\\/br\\\/?s={search_term_string}\"},\"query-input\":{\"@type\":\"PropertyValueSpecification\",\"valueRequired\":true,\"valueName\":\"search_term_string\"}}],\"inLanguage\":\"en-GB\"},{\"@type\":\"Organization\",\"@id\":\"https:\\\/\\\/cienza.com.br\\\/br\\\/#organization\",\"name\":\"Empresa de Automa\u00e7\u00e3o Industrial\",\"url\":\"https:\\\/\\\/cienza.com.br\\\/br\\\/\",\"logo\":{\"@type\":\"ImageObject\",\"inLanguage\":\"en-GB\",\"@id\":\"https:\\\/\\\/cienza.com.br\\\/br\\\/#\\\/schema\\\/logo\\\/image\\\/\",\"url\":\"https:\\\/\\\/cienza.com.br\\\/wp-content\\\/uploads\\\/2020\\\/05\\\/cropped-logo-768x240-1.png\",\"contentUrl\":\"https:\\\/\\\/cienza.com.br\\\/wp-content\\\/uploads\\\/2020\\\/05\\\/cropped-logo-768x240-1.png\",\"width\":768,\"height\":240,\"caption\":\"Empresa de Automa\u00e7\u00e3o Industrial\"},\"image\":{\"@id\":\"https:\\\/\\\/cienza.com.br\\\/br\\\/#\\\/schema\\\/logo\\\/image\\\/\"}}]}<\/script>\n<!-- \/ Yoast SEO plugin. -->","yoast_head_json":{"title":"Treinamento - EROP01 - Rob\u00f3tica e Automa\u00e7\u00e3o Industrial","description":"Rob\u00f3tica e Automa\u00e7\u00e3o Industrial - Programa\u00e7\u00e3o, Manuten\u00e7\u00e3o, treinamento, simula\u00e7\u00e3o e prova de princ\u00edpio - Cienza Desenvolvimento","robots":{"index":"index","follow":"follow","max-snippet":"max-snippet:-1","max-image-preview":"max-image-preview:large","max-video-preview":"max-video-preview:-1"},"canonical":"https:\/\/cienza.com.br\/uk\/treinamento-erop01-robotica-e-automacao-industrial\/","og_locale":"en_GB","og_type":"article","og_title":"Treinamento - EROP01 - Rob\u00f3tica e Automa\u00e7\u00e3o Industrial","og_description":"Rob\u00f3tica e Automa\u00e7\u00e3o Industrial - Programa\u00e7\u00e3o, Manuten\u00e7\u00e3o, treinamento, simula\u00e7\u00e3o e prova de princ\u00edpio - Cienza Desenvolvimento","og_url":"https:\/\/cienza.com.br\/uk\/treinamento-erop01-robotica-e-automacao-industrial\/","og_site_name":"Empresa de Automa\u00e7\u00e3o Industrial","article_modified_time":"2020-09-24T16:43:40+00:00","twitter_card":"summary_large_image","twitter_misc":{"Estimated reading time":"1 minute"},"schema":{"@context":"https:\/\/schema.org","@graph":[{"@type":"WebPage","@id":"https:\/\/cienza.com.br\/br\/treinamento-erop01-robotica-e-automacao-industrial\/","url":"https:\/\/cienza.com.br\/br\/treinamento-erop01-robotica-e-automacao-industrial\/","name":"Treinamento - EROP01 - Rob\u00f3tica e Automa\u00e7\u00e3o Industrial","isPartOf":{"@id":"https:\/\/cienza.com.br\/br\/#website"},"datePublished":"2020-06-15T14:38:18+00:00","dateModified":"2020-09-24T16:43:40+00:00","description":"Rob\u00f3tica e Automa\u00e7\u00e3o Industrial - Programa\u00e7\u00e3o, Manuten\u00e7\u00e3o, treinamento, simula\u00e7\u00e3o e prova de princ\u00edpio - Cienza Desenvolvimento","breadcrumb":{"@id":"https:\/\/cienza.com.br\/br\/treinamento-erop01-robotica-e-automacao-industrial\/#breadcrumb"},"inLanguage":"en-GB","potentialAction":[{"@type":"ReadAction","target":["https:\/\/cienza.com.br\/br\/treinamento-erop01-robotica-e-automacao-industrial\/"]}]},{"@type":"BreadcrumbList","@id":"https:\/\/cienza.com.br\/br\/treinamento-erop01-robotica-e-automacao-industrial\/#breadcrumb","itemListElement":[{"@type":"ListItem","position":1,"name":"In\u00edcio","item":"https:\/\/cienza.com.br\/br\/"},{"@type":"ListItem","position":2,"name":"Treinamento &#8211; EROP01"}]},{"@type":"WebSite","@id":"https:\/\/cienza.com.br\/br\/#website","url":"https:\/\/cienza.com.br\/br\/","name":"Empresa de Automa\u00e7\u00e3o Industrial","description":"Empresa de Automa\u00e7\u00e3o Industrial - Programa\u00e7\u00e3o, Manuten\u00e7\u00e3o, treinamento, simula\u00e7\u00e3o e prova de princ\u00edpio.","publisher":{"@id":"https:\/\/cienza.com.br\/br\/#organization"},"potentialAction":[{"@type":"SearchAction","target":{"@type":"EntryPoint","urlTemplate":"https:\/\/cienza.com.br\/br\/?s={search_term_string}"},"query-input":{"@type":"PropertyValueSpecification","valueRequired":true,"valueName":"search_term_string"}}],"inLanguage":"en-GB"},{"@type":"Organization","@id":"https:\/\/cienza.com.br\/br\/#organization","name":"Empresa de Automa\u00e7\u00e3o Industrial","url":"https:\/\/cienza.com.br\/br\/","logo":{"@type":"ImageObject","inLanguage":"en-GB","@id":"https:\/\/cienza.com.br\/br\/#\/schema\/logo\/image\/","url":"https:\/\/cienza.com.br\/wp-content\/uploads\/2020\/05\/cropped-logo-768x240-1.png","contentUrl":"https:\/\/cienza.com.br\/wp-content\/uploads\/2020\/05\/cropped-logo-768x240-1.png","width":768,"height":240,"caption":"Empresa de Automa\u00e7\u00e3o Industrial"},"image":{"@id":"https:\/\/cienza.com.br\/br\/#\/schema\/logo\/image\/"}}]}},"jetpack_sharing_enabled":true,"_links":{"self":[{"href":"https:\/\/cienza.com.br\/uk\/wp-json\/wp\/v2\/pages\/15147","targetHints":{"allow":["GET"]}}],"collection":[{"href":"https:\/\/cienza.com.br\/uk\/wp-json\/wp\/v2\/pages"}],"about":[{"href":"https:\/\/cienza.com.br\/uk\/wp-json\/wp\/v2\/types\/page"}],"author":[{"embeddable":true,"href":"https:\/\/cienza.com.br\/uk\/wp-json\/wp\/v2\/users\/2"}],"replies":[{"embeddable":true,"href":"https:\/\/cienza.com.br\/uk\/wp-json\/wp\/v2\/comments?post=15147"}],"version-history":[{"count":1,"href":"https:\/\/cienza.com.br\/uk\/wp-json\/wp\/v2\/pages\/15147\/revisions"}],"predecessor-version":[{"id":15546,"href":"https:\/\/cienza.com.br\/uk\/wp-json\/wp\/v2\/pages\/15147\/revisions\/15546"}],"wp:attachment":[{"href":"https:\/\/cienza.com.br\/uk\/wp-json\/wp\/v2\/media?parent=15147"}],"curies":[{"name":"wp","href":"https:\/\/api.w.org\/{rel}","templated":true}]}}