{"id":15509,"date":"2020-07-31T12:06:05","date_gmt":"2020-07-31T15:06:05","guid":{"rendered":"https:\/\/cienza.com.br\/?page_id=15509"},"modified":"2020-10-28T14:17:44","modified_gmt":"2020-10-28T17:17:44","slug":"equipe-robotica-e-automacao-industrial","status":"publish","type":"page","link":"https:\/\/cienza.com.br\/uk\/equipe-robotica-e-automacao-industrial\/","title":{"rendered":"Team"},"content":{"rendered":"<div data-elementor-type=\"wp-page\" data-elementor-id=\"15509\" class=\"elementor elementor-15509\">\n\t\t\t\t\t\t<section class=\"elementor-section elementor-top-section elementor-element elementor-element-16dc271 elementor-section-boxed elementor-section-height-default elementor-section-height-default\" data-id=\"16dc271\" data-element_type=\"section\" data-e-type=\"section\" data-settings=\"{&quot;background_background&quot;:&quot;classic&quot;,&quot;animation&quot;:&quot;none&quot;,&quot;animation_mobile&quot;:&quot;none&quot;,&quot;animation_delay&quot;:400}\">\n\t\t\t\t\t\t\t<div class=\"elementor-background-overlay\"><\/div>\n\t\t\t\t\t\t\t<div class=\"elementor-container elementor-column-gap-no\">\n\t\t\t\t\t<div class=\"elementor-column elementor-col-100 elementor-top-column elementor-element elementor-element-67afe9b\" data-id=\"67afe9b\" data-element_type=\"column\" data-e-type=\"column\" data-settings=\"{&quot;animation&quot;:&quot;none&quot;,&quot;animation_mobile&quot;:&quot;none&quot;}\">\n\t\t\t<div class=\"elementor-widget-wrap elementor-element-populated\">\n\t\t\t\t\t\t<div class=\"elementor-element elementor-element-703fa81 elementor-widget elementor-widget-heading\" data-id=\"703fa81\" data-element_type=\"widget\" data-e-type=\"widget\" data-widget_type=\"heading.default\">\n\t\t\t\t<div class=\"elementor-widget-container\">\n\t\t\t\t\t<h3 class=\"elementor-heading-title elementor-size-default\">OUR TEAM<\/h3>\t\t\t\t<\/div>\n\t\t\t\t<\/div>\n\t\t\t\t<div class=\"elementor-element elementor-element-57acb10 animated-fast elementor-invisible elementor-widget elementor-widget-text-editor\" data-id=\"57acb10\" data-element_type=\"widget\" data-e-type=\"widget\" data-settings=\"{&quot;_animation_mobile&quot;:&quot;none&quot;,&quot;_animation&quot;:&quot;fadeIn&quot;}\" data-widget_type=\"text-editor.default\">\n\t\t\t\t<div class=\"elementor-widget-container\">\n\t\t\t\t\t\t\t\t\t<p style=\"text-align: center;\">Composed of professionals with experience in robotics, industrial automation and software. We serve all industrial segments.<\/p>\t\t\t\t\t\t\t\t<\/div>\n\t\t\t\t<\/div>\n\t\t\t\t<section class=\"elementor-section elementor-inner-section elementor-element elementor-element-ec9fce1 elementor-section-boxed elementor-section-height-default elementor-section-height-default\" data-id=\"ec9fce1\" data-element_type=\"section\" data-e-type=\"section\">\n\t\t\t\t\t\t<div class=\"elementor-container elementor-column-gap-default\">\n\t\t\t\t\t<div class=\"elementor-column elementor-col-25 elementor-inner-column elementor-element elementor-element-0734f1d\" data-id=\"0734f1d\" data-element_type=\"column\" data-e-type=\"column\" data-settings=\"{&quot;background_background&quot;:&quot;classic&quot;}\">\n\t\t\t<div class=\"elementor-widget-wrap\">\n\t\t\t\t\t\t\t<\/div>\n\t\t<\/div>\n\t\t\t\t<div class=\"elementor-column elementor-col-25 elementor-inner-column elementor-element elementor-element-0bbe91d\" data-id=\"0bbe91d\" data-element_type=\"column\" data-e-type=\"column\" data-settings=\"{&quot;background_background&quot;:&quot;classic&quot;}\">\n\t\t\t<div class=\"elementor-widget-wrap elementor-element-populated\">\n\t\t\t\t\t\t<div class=\"elementor-element elementor-element-ee496b8 elementor-widget elementor-widget-heading\" data-id=\"ee496b8\" data-element_type=\"widget\" data-e-type=\"widget\" data-widget_type=\"heading.default\">\n\t\t\t\t<div class=\"elementor-widget-container\">\n\t\t\t\t\t<h5 class=\"elementor-heading-title elementor-size-default\">Giulio Barbieri<\/h5>\t\t\t\t<\/div>\n\t\t\t\t<\/div>\n\t\t\t\t<div class=\"elementor-element elementor-element-dcca0e6 elementor-widget elementor-widget-text-editor\" data-id=\"dcca0e6\" data-element_type=\"widget\" data-e-type=\"widget\" data-widget_type=\"text-editor.default\">\n\t\t\t\t<div class=\"elementor-widget-container\">\n\t\t\t\t\t\t\t\t\t<p style=\"text-align: center;\">Director of Operations<\/p>\t\t\t\t\t\t\t\t<\/div>\n\t\t\t\t<\/div>\n\t\t\t\t<div class=\"elementor-element elementor-element-b43c917 elementor-widget-divider--view-line elementor-widget elementor-widget-divider\" data-id=\"b43c917\" data-element_type=\"widget\" data-e-type=\"widget\" data-widget_type=\"divider.default\">\n\t\t\t\t<div class=\"elementor-widget-container\">\n\t\t\t\t\t\t\t<div class=\"elementor-divider\">\n\t\t\t<span class=\"elementor-divider-separator\">\n\t\t\t\t\t\t<\/span>\n\t\t<\/div>\n\t\t\t\t\t\t<\/div>\n\t\t\t\t<\/div>\n\t\t\t\t<div class=\"elementor-element elementor-element-a34f05f elementor-icon-list--layout-traditional elementor-list-item-link-full_width elementor-widget elementor-widget-icon-list\" data-id=\"a34f05f\" data-element_type=\"widget\" data-e-type=\"widget\" data-widget_type=\"icon-list.default\">\n\t\t\t\t<div class=\"elementor-widget-container\">\n\t\t\t\t\t\t\t<ul class=\"elementor-icon-list-items\">\n\t\t\t\t\t\t\t<li class=\"elementor-icon-list-item\">\n\t\t\t\t\t\t\t\t\t\t\t<span class=\"elementor-icon-list-icon\">\n\t\t\t\t\t\t\t<i aria-hidden=\"true\" class=\"fas fa-check\"><\/i>\t\t\t\t\t\t<\/span>\n\t\t\t\t\t\t\t\t\t\t<span class=\"elementor-icon-list-text\">Programa\u00e7\u00e3o de rob\u00f4s<\/span>\n\t\t\t\t\t\t\t\t\t<\/li>\n\t\t\t\t\t\t\t\t<li class=\"elementor-icon-list-item\">\n\t\t\t\t\t\t\t\t\t\t\t<span class=\"elementor-icon-list-icon\">\n\t\t\t\t\t\t\t<i aria-hidden=\"true\" class=\"fas fa-check\"><\/i>\t\t\t\t\t\t<\/span>\n\t\t\t\t\t\t\t\t\t\t<span class=\"elementor-icon-list-text\">DCS (SCADA systems)<\/span>\n\t\t\t\t\t\t\t\t\t<\/li>\n\t\t\t\t\t\t\t\t<li class=\"elementor-icon-list-item\">\n\t\t\t\t\t\t\t\t\t\t\t<span class=\"elementor-icon-list-icon\">\n\t\t\t\t\t\t\t<i aria-hidden=\"true\" class=\"fas fa-check\"><\/i>\t\t\t\t\t\t<\/span>\n\t\t\t\t\t\t\t\t\t\t<span class=\"elementor-icon-list-text\">Sistemas de vis\u00e3o<\/span>\n\t\t\t\t\t\t\t\t\t<\/li>\n\t\t\t\t\t\t\t\t<li class=\"elementor-icon-list-item\">\n\t\t\t\t\t\t\t\t\t\t\t<span class=\"elementor-icon-list-icon\">\n\t\t\t\t\t\t\t<i aria-hidden=\"true\" class=\"fas fa-check\"><\/i>\t\t\t\t\t\t<\/span>\n\t\t\t\t\t\t\t\t\t\t<span class=\"elementor-icon-list-text\">Programa\u00e7\u00e3o PLC (em todos os 5 idiomas)<\/span>\n\t\t\t\t\t\t\t\t\t<\/li>\n\t\t\t\t\t\t\t\t<li class=\"elementor-icon-list-item\">\n\t\t\t\t\t\t\t\t\t\t\t<span class=\"elementor-icon-list-icon\">\n\t\t\t\t\t\t\t<i aria-hidden=\"true\" class=\"fas fa-check\"><\/i>\t\t\t\t\t\t<\/span>\n\t\t\t\t\t\t\t\t\t\t<span class=\"elementor-icon-list-text\">.NET Applications<\/span>\n\t\t\t\t\t\t\t\t\t<\/li>\n\t\t\t\t\t\t<\/ul>\n\t\t\t\t\t\t<\/div>\n\t\t\t\t<\/div>\n\t\t\t\t\t<\/div>\n\t\t<\/div>\n\t\t\t\t<div class=\"elementor-column elementor-col-25 elementor-inner-column elementor-element elementor-element-22b1d28\" data-id=\"22b1d28\" data-element_type=\"column\" data-e-type=\"column\" data-settings=\"{&quot;background_background&quot;:&quot;classic&quot;}\">\n\t\t\t<div class=\"elementor-widget-wrap elementor-element-populated\">\n\t\t\t\t\t\t<div class=\"elementor-element elementor-element-15154a6 elementor-widget elementor-widget-heading\" data-id=\"15154a6\" data-element_type=\"widget\" data-e-type=\"widget\" data-widget_type=\"heading.default\">\n\t\t\t\t<div class=\"elementor-widget-container\">\n\t\t\t\t\t<h5 class=\"elementor-heading-title elementor-size-default\">Francisco Fraz\u00e3o<\/h5>\t\t\t\t<\/div>\n\t\t\t\t<\/div>\n\t\t\t\t<div class=\"elementor-element elementor-element-188ff9b elementor-widget elementor-widget-text-editor\" data-id=\"188ff9b\" data-element_type=\"widget\" data-e-type=\"widget\" data-widget_type=\"text-editor.default\">\n\t\t\t\t<div class=\"elementor-widget-container\">\n\t\t\t\t\t\t\t\t\t<p style=\"text-align: center;\">PLC Programmer<span class=\"Apple-converted-space\">\u00a0<\/span><\/p>\t\t\t\t\t\t\t\t<\/div>\n\t\t\t\t<\/div>\n\t\t\t\t<div class=\"elementor-element elementor-element-cdf269d elementor-widget-divider--view-line elementor-widget elementor-widget-divider\" data-id=\"cdf269d\" data-element_type=\"widget\" data-e-type=\"widget\" data-widget_type=\"divider.default\">\n\t\t\t\t<div class=\"elementor-widget-container\">\n\t\t\t\t\t\t\t<div class=\"elementor-divider\">\n\t\t\t<span class=\"elementor-divider-separator\">\n\t\t\t\t\t\t<\/span>\n\t\t<\/div>\n\t\t\t\t\t\t<\/div>\n\t\t\t\t<\/div>\n\t\t\t\t<div class=\"elementor-element elementor-element-f358174 elementor-icon-list--layout-traditional elementor-list-item-link-full_width elementor-widget elementor-widget-icon-list\" data-id=\"f358174\" data-element_type=\"widget\" data-e-type=\"widget\" data-widget_type=\"icon-list.default\">\n\t\t\t\t<div class=\"elementor-widget-container\">\n\t\t\t\t\t\t\t<ul class=\"elementor-icon-list-items\">\n\t\t\t\t\t\t\t<li class=\"elementor-icon-list-item\">\n\t\t\t\t\t\t\t\t\t\t\t<span class=\"elementor-icon-list-icon\">\n\t\t\t\t\t\t\t<i aria-hidden=\"true\" class=\"fas fa-check\"><\/i>\t\t\t\t\t\t<\/span>\n\t\t\t\t\t\t\t\t\t\t<span class=\"elementor-icon-list-text\">Siemens S5, S7 e TIA Portal <\/span>\n\t\t\t\t\t\t\t\t\t<\/li>\n\t\t\t\t\t\t\t\t<li class=\"elementor-icon-list-item\">\n\t\t\t\t\t\t\t\t\t\t\t<span class=\"elementor-icon-list-icon\">\n\t\t\t\t\t\t\t<i aria-hidden=\"true\" class=\"fas fa-check\"><\/i>\t\t\t\t\t\t<\/span>\n\t\t\t\t\t\t\t\t\t\t<span class=\"elementor-icon-list-text\">Profibus DP\/FMS <\/span>\n\t\t\t\t\t\t\t\t\t<\/li>\n\t\t\t\t\t\t\t\t<li class=\"elementor-icon-list-item\">\n\t\t\t\t\t\t\t\t\t\t\t<span class=\"elementor-icon-list-icon\">\n\t\t\t\t\t\t\t<i aria-hidden=\"true\" class=\"fas fa-check\"><\/i>\t\t\t\t\t\t<\/span>\n\t\t\t\t\t\t\t\t\t\t<span class=\"elementor-icon-list-text\">Ethernet IP <\/span>\n\t\t\t\t\t\t\t\t\t<\/li>\n\t\t\t\t\t\t\t\t<li class=\"elementor-icon-list-item\">\n\t\t\t\t\t\t\t\t\t\t\t<span class=\"elementor-icon-list-icon\">\n\t\t\t\t\t\t\t<i aria-hidden=\"true\" class=\"fas fa-check\"><\/i>\t\t\t\t\t\t<\/span>\n\t\t\t\t\t\t\t\t\t\t<span class=\"elementor-icon-list-text\">Allen Bradley, fam\u00edlia SLC500, PLC5 Compact Logix,<\/span>\n\t\t\t\t\t\t\t\t\t<\/li>\n\t\t\t\t\t\t\t\t<li class=\"elementor-icon-list-item\">\n\t\t\t\t\t\t\t\t\t\t\t<span class=\"elementor-icon-list-icon\">\n\t\t\t\t\t\t\t<i aria-hidden=\"true\" class=\"fas fa-check\"><\/i>\t\t\t\t\t\t<\/span>\n\t\t\t\t\t\t\t\t\t\t<span class=\"elementor-icon-list-text\">Allen Bradley, fam\u00edlia SLC500, PLC5 Compact Logix,<\/span>\n\t\t\t\t\t\t\t\t\t<\/li>\n\t\t\t\t\t\t\t\t<li class=\"elementor-icon-list-item\">\n\t\t\t\t\t\t\t\t\t\t\t<span class=\"elementor-icon-list-icon\">\n\t\t\t\t\t\t\t<i aria-hidden=\"true\" class=\"fas fa-check\"><\/i>\t\t\t\t\t\t<\/span>\n\t\t\t\t\t\t\t\t\t\t<span class=\"elementor-icon-list-text\">Guardlogix, Factory Talk e Studio 5000 <\/span>\n\t\t\t\t\t\t\t\t\t<\/li>\n\t\t\t\t\t\t\t\t<li class=\"elementor-icon-list-item\">\n\t\t\t\t\t\t\t\t\t\t\t<span class=\"elementor-icon-list-icon\">\n\t\t\t\t\t\t\t<i aria-hidden=\"true\" class=\"fas fa-check\"><\/i>\t\t\t\t\t\t<\/span>\n\t\t\t\t\t\t\t\t\t\t<span class=\"elementor-icon-list-text\">Unitronics PLC <\/span>\n\t\t\t\t\t\t\t\t\t<\/li>\n\t\t\t\t\t\t\t\t<li class=\"elementor-icon-list-item\">\n\t\t\t\t\t\t\t\t\t\t\t<span class=\"elementor-icon-list-icon\">\n\t\t\t\t\t\t\t<i aria-hidden=\"true\" class=\"fas fa-check\"><\/i>\t\t\t\t\t\t<\/span>\n\t\t\t\t\t\t\t\t\t\t<span class=\"elementor-icon-list-text\">Schneider - HDCS <\/span>\n\t\t\t\t\t\t\t\t\t<\/li>\n\t\t\t\t\t\t\t\t<li class=\"elementor-icon-list-item\">\n\t\t\t\t\t\t\t\t\t\t\t<span class=\"elementor-icon-list-icon\">\n\t\t\t\t\t\t\t<i aria-hidden=\"true\" class=\"fas fa-check\"><\/i>\t\t\t\t\t\t<\/span>\n\t\t\t\t\t\t\t\t\t\t<span class=\"elementor-icon-list-text\">Rockwell Kinetix servo motors <\/span>\n\t\t\t\t\t\t\t\t\t<\/li>\n\t\t\t\t\t\t\t\t<li class=\"elementor-icon-list-item\">\n\t\t\t\t\t\t\t\t\t\t\t<span class=\"elementor-icon-list-icon\">\n\t\t\t\t\t\t\t<i aria-hidden=\"true\" class=\"fas fa-check\"><\/i>\t\t\t\t\t\t<\/span>\n\t\t\t\t\t\t\t\t\t\t<span class=\"elementor-icon-list-text\">Mitsubishi Serie Q,A, FX<\/span>\n\t\t\t\t\t\t\t\t\t<\/li>\n\t\t\t\t\t\t<\/ul>\n\t\t\t\t\t\t<\/div>\n\t\t\t\t<\/div>\n\t\t\t\t\t<\/div>\n\t\t<\/div>\n\t\t\t\t<div class=\"elementor-column elementor-col-25 elementor-inner-column elementor-element elementor-element-fdcc5ee\" data-id=\"fdcc5ee\" data-element_type=\"column\" data-e-type=\"column\" data-settings=\"{&quot;background_background&quot;:&quot;classic&quot;}\">\n\t\t\t<div class=\"elementor-widget-wrap\">\n\t\t\t\t\t\t\t<\/div>\n\t\t<\/div>\n\t\t\t\t\t<\/div>\n\t\t<\/section>\n\t\t\t\t\t<\/div>\n\t\t<\/div>\n\t\t\t\t\t<\/div>\n\t\t<\/section>\n\t\t\t\t<\/div>","protected":false},"excerpt":{"rendered":"<p>NOSSA EQUIPE Composto por profissionais com experi\u00eancia em rob\u00f3tica, automa\u00e7\u00e3o industrial e software. Atendemos todos os segmentos industriais. Giulio Barbieri Diretor de opera\u00e7\u00f5es Programa\u00e7\u00e3o de rob\u00f4s DCS (sistemas SCADA) Sistemas de vis\u00e3o Programa\u00e7\u00e3o PLC (em todos os 5 idiomas) Aplicativos .NET Francisco Fraz\u00e3o Programador PLC\u00a0 Siemens S5, S7 e TIA Portal Profibus DP\/FMS Ethernet IP [&hellip;]<\/p>\n","protected":false},"author":2,"featured_media":0,"parent":0,"menu_order":0,"comment_status":"closed","ping_status":"closed","template":"","meta":{"footnotes":""},"class_list":["post-15509","page","type-page","status-publish","hentry"],"yoast_head":"<!-- This site is optimized with the Yoast SEO plugin v27.4 - https:\/\/yoast.com\/product\/yoast-seo-wordpress\/ -->\n<title>Equipe - Rob\u00f3tica e Automa\u00e7\u00e3o Industrial<\/title>\n<meta name=\"description\" content=\"Rob\u00f3tica e Automa\u00e7\u00e3o Industrial - Programa\u00e7\u00e3o, Manuten\u00e7\u00e3o, treinamento, simula\u00e7\u00e3o e prova de princ\u00edpio - Cienza Desenvolvimento\" \/>\n<meta name=\"robots\" content=\"index, follow, max-snippet:-1, max-image-preview:large, max-video-preview:-1\" \/>\n<link rel=\"canonical\" href=\"https:\/\/cienza.com.br\/uk\/equipe-robotica-e-automacao-industrial\/\" \/>\n<meta property=\"og:locale\" content=\"en_GB\" \/>\n<meta property=\"og:type\" content=\"article\" \/>\n<meta property=\"og:title\" content=\"Equipe - Rob\u00f3tica e Automa\u00e7\u00e3o Industrial\" \/>\n<meta property=\"og:description\" content=\"Rob\u00f3tica e Automa\u00e7\u00e3o Industrial - Programa\u00e7\u00e3o, Manuten\u00e7\u00e3o, treinamento, simula\u00e7\u00e3o e prova de princ\u00edpio - Cienza Desenvolvimento\" \/>\n<meta property=\"og:url\" content=\"https:\/\/cienza.com.br\/uk\/equipe-robotica-e-automacao-industrial\/\" \/>\n<meta property=\"og:site_name\" content=\"Empresa de Automa\u00e7\u00e3o Industrial\" \/>\n<meta property=\"article:modified_time\" content=\"2020-10-28T17:17:44+00:00\" \/>\n<meta name=\"twitter:card\" content=\"summary_large_image\" \/>\n<script type=\"application\/ld+json\" class=\"yoast-schema-graph\">{\"@context\":\"https:\\\/\\\/schema.org\",\"@graph\":[{\"@type\":\"WebPage\",\"@id\":\"https:\\\/\\\/cienza.com.br\\\/br\\\/equipe-robotica-e-automacao-industrial\\\/\",\"url\":\"https:\\\/\\\/cienza.com.br\\\/br\\\/equipe-robotica-e-automacao-industrial\\\/\",\"name\":\"Equipe - Rob\u00f3tica e Automa\u00e7\u00e3o Industrial\",\"isPartOf\":{\"@id\":\"https:\\\/\\\/cienza.com.br\\\/br\\\/#website\"},\"datePublished\":\"2020-07-31T15:06:05+00:00\",\"dateModified\":\"2020-10-28T17:17:44+00:00\",\"description\":\"Rob\u00f3tica e Automa\u00e7\u00e3o Industrial - Programa\u00e7\u00e3o, Manuten\u00e7\u00e3o, treinamento, simula\u00e7\u00e3o e prova de princ\u00edpio - Cienza Desenvolvimento\",\"breadcrumb\":{\"@id\":\"https:\\\/\\\/cienza.com.br\\\/br\\\/equipe-robotica-e-automacao-industrial\\\/#breadcrumb\"},\"inLanguage\":\"en-GB\",\"potentialAction\":[{\"@type\":\"ReadAction\",\"target\":[\"https:\\\/\\\/cienza.com.br\\\/br\\\/equipe-robotica-e-automacao-industrial\\\/\"]}]},{\"@type\":\"BreadcrumbList\",\"@id\":\"https:\\\/\\\/cienza.com.br\\\/br\\\/equipe-robotica-e-automacao-industrial\\\/#breadcrumb\",\"itemListElement\":[{\"@type\":\"ListItem\",\"position\":1,\"name\":\"In\u00edcio\",\"item\":\"https:\\\/\\\/cienza.com.br\\\/br\\\/\"},{\"@type\":\"ListItem\",\"position\":2,\"name\":\"Equipe\"}]},{\"@type\":\"WebSite\",\"@id\":\"https:\\\/\\\/cienza.com.br\\\/br\\\/#website\",\"url\":\"https:\\\/\\\/cienza.com.br\\\/br\\\/\",\"name\":\"Empresa de Automa\u00e7\u00e3o Industrial\",\"description\":\"Empresa de Automa\u00e7\u00e3o Industrial - Programa\u00e7\u00e3o, Manuten\u00e7\u00e3o, treinamento, simula\u00e7\u00e3o e prova de princ\u00edpio.\",\"publisher\":{\"@id\":\"https:\\\/\\\/cienza.com.br\\\/br\\\/#organization\"},\"potentialAction\":[{\"@type\":\"SearchAction\",\"target\":{\"@type\":\"EntryPoint\",\"urlTemplate\":\"https:\\\/\\\/cienza.com.br\\\/br\\\/?s={search_term_string}\"},\"query-input\":{\"@type\":\"PropertyValueSpecification\",\"valueRequired\":true,\"valueName\":\"search_term_string\"}}],\"inLanguage\":\"en-GB\"},{\"@type\":\"Organization\",\"@id\":\"https:\\\/\\\/cienza.com.br\\\/br\\\/#organization\",\"name\":\"Empresa de Automa\u00e7\u00e3o Industrial\",\"url\":\"https:\\\/\\\/cienza.com.br\\\/br\\\/\",\"logo\":{\"@type\":\"ImageObject\",\"inLanguage\":\"en-GB\",\"@id\":\"https:\\\/\\\/cienza.com.br\\\/br\\\/#\\\/schema\\\/logo\\\/image\\\/\",\"url\":\"https:\\\/\\\/cienza.com.br\\\/wp-content\\\/uploads\\\/2020\\\/05\\\/cropped-logo-768x240-1.png\",\"contentUrl\":\"https:\\\/\\\/cienza.com.br\\\/wp-content\\\/uploads\\\/2020\\\/05\\\/cropped-logo-768x240-1.png\",\"width\":768,\"height\":240,\"caption\":\"Empresa de Automa\u00e7\u00e3o Industrial\"},\"image\":{\"@id\":\"https:\\\/\\\/cienza.com.br\\\/br\\\/#\\\/schema\\\/logo\\\/image\\\/\"}}]}<\/script>\n<!-- \/ Yoast SEO plugin. -->","yoast_head_json":{"title":"Equipe - Rob\u00f3tica e Automa\u00e7\u00e3o Industrial","description":"Rob\u00f3tica e Automa\u00e7\u00e3o Industrial - Programa\u00e7\u00e3o, Manuten\u00e7\u00e3o, treinamento, simula\u00e7\u00e3o e prova de princ\u00edpio - Cienza Desenvolvimento","robots":{"index":"index","follow":"follow","max-snippet":"max-snippet:-1","max-image-preview":"max-image-preview:large","max-video-preview":"max-video-preview:-1"},"canonical":"https:\/\/cienza.com.br\/uk\/equipe-robotica-e-automacao-industrial\/","og_locale":"en_GB","og_type":"article","og_title":"Equipe - Rob\u00f3tica e Automa\u00e7\u00e3o Industrial","og_description":"Rob\u00f3tica e Automa\u00e7\u00e3o Industrial - Programa\u00e7\u00e3o, Manuten\u00e7\u00e3o, treinamento, simula\u00e7\u00e3o e prova de princ\u00edpio - Cienza Desenvolvimento","og_url":"https:\/\/cienza.com.br\/uk\/equipe-robotica-e-automacao-industrial\/","og_site_name":"Empresa de Automa\u00e7\u00e3o Industrial","article_modified_time":"2020-10-28T17:17:44+00:00","twitter_card":"summary_large_image","schema":{"@context":"https:\/\/schema.org","@graph":[{"@type":"WebPage","@id":"https:\/\/cienza.com.br\/br\/equipe-robotica-e-automacao-industrial\/","url":"https:\/\/cienza.com.br\/br\/equipe-robotica-e-automacao-industrial\/","name":"Equipe - Rob\u00f3tica e Automa\u00e7\u00e3o Industrial","isPartOf":{"@id":"https:\/\/cienza.com.br\/br\/#website"},"datePublished":"2020-07-31T15:06:05+00:00","dateModified":"2020-10-28T17:17:44+00:00","description":"Rob\u00f3tica e Automa\u00e7\u00e3o Industrial - Programa\u00e7\u00e3o, Manuten\u00e7\u00e3o, treinamento, simula\u00e7\u00e3o e prova de princ\u00edpio - Cienza Desenvolvimento","breadcrumb":{"@id":"https:\/\/cienza.com.br\/br\/equipe-robotica-e-automacao-industrial\/#breadcrumb"},"inLanguage":"en-GB","potentialAction":[{"@type":"ReadAction","target":["https:\/\/cienza.com.br\/br\/equipe-robotica-e-automacao-industrial\/"]}]},{"@type":"BreadcrumbList","@id":"https:\/\/cienza.com.br\/br\/equipe-robotica-e-automacao-industrial\/#breadcrumb","itemListElement":[{"@type":"ListItem","position":1,"name":"In\u00edcio","item":"https:\/\/cienza.com.br\/br\/"},{"@type":"ListItem","position":2,"name":"Equipe"}]},{"@type":"WebSite","@id":"https:\/\/cienza.com.br\/br\/#website","url":"https:\/\/cienza.com.br\/br\/","name":"Empresa de Automa\u00e7\u00e3o Industrial","description":"Empresa de Automa\u00e7\u00e3o Industrial - Programa\u00e7\u00e3o, Manuten\u00e7\u00e3o, treinamento, simula\u00e7\u00e3o e prova de princ\u00edpio.","publisher":{"@id":"https:\/\/cienza.com.br\/br\/#organization"},"potentialAction":[{"@type":"SearchAction","target":{"@type":"EntryPoint","urlTemplate":"https:\/\/cienza.com.br\/br\/?s={search_term_string}"},"query-input":{"@type":"PropertyValueSpecification","valueRequired":true,"valueName":"search_term_string"}}],"inLanguage":"en-GB"},{"@type":"Organization","@id":"https:\/\/cienza.com.br\/br\/#organization","name":"Empresa de Automa\u00e7\u00e3o Industrial","url":"https:\/\/cienza.com.br\/br\/","logo":{"@type":"ImageObject","inLanguage":"en-GB","@id":"https:\/\/cienza.com.br\/br\/#\/schema\/logo\/image\/","url":"https:\/\/cienza.com.br\/wp-content\/uploads\/2020\/05\/cropped-logo-768x240-1.png","contentUrl":"https:\/\/cienza.com.br\/wp-content\/uploads\/2020\/05\/cropped-logo-768x240-1.png","width":768,"height":240,"caption":"Empresa de Automa\u00e7\u00e3o Industrial"},"image":{"@id":"https:\/\/cienza.com.br\/br\/#\/schema\/logo\/image\/"}}]}},"jetpack_sharing_enabled":true,"_links":{"self":[{"href":"https:\/\/cienza.com.br\/uk\/wp-json\/wp\/v2\/pages\/15509","targetHints":{"allow":["GET"]}}],"collection":[{"href":"https:\/\/cienza.com.br\/uk\/wp-json\/wp\/v2\/pages"}],"about":[{"href":"https:\/\/cienza.com.br\/uk\/wp-json\/wp\/v2\/types\/page"}],"author":[{"embeddable":true,"href":"https:\/\/cienza.com.br\/uk\/wp-json\/wp\/v2\/users\/2"}],"replies":[{"embeddable":true,"href":"https:\/\/cienza.com.br\/uk\/wp-json\/wp\/v2\/comments?post=15509"}],"version-history":[{"count":2,"href":"https:\/\/cienza.com.br\/uk\/wp-json\/wp\/v2\/pages\/15509\/revisions"}],"predecessor-version":[{"id":15584,"href":"https:\/\/cienza.com.br\/uk\/wp-json\/wp\/v2\/pages\/15509\/revisions\/15584"}],"wp:attachment":[{"href":"https:\/\/cienza.com.br\/uk\/wp-json\/wp\/v2\/media?parent=15509"}],"curies":[{"name":"wp","href":"https:\/\/api.w.org\/{rel}","templated":true}]}}