{"id":15548,"date":"2020-09-24T19:05:40","date_gmt":"2020-09-24T22:05:40","guid":{"rendered":"https:\/\/cienza.com.br\/?page_id=15548"},"modified":"2020-10-23T16:17:58","modified_gmt":"2020-10-23T19:17:58","slug":"programacao","status":"publish","type":"page","link":"https:\/\/cienza.com.br\/uk\/servicos-robotica-e-automacao-industrial\/programacao\/","title":{"rendered":"Programa\u00e7\u00e3o"},"content":{"rendered":"<div data-elementor-type=\"wp-page\" data-elementor-id=\"15548\" class=\"elementor elementor-15548\">\n\t\t\t\t\t\t<section class=\"elementor-section elementor-top-section elementor-element elementor-element-291f3aa elementor-section-boxed elementor-section-height-default elementor-section-height-default\" data-id=\"291f3aa\" data-element_type=\"section\" data-e-type=\"section\" data-settings=\"{&quot;background_background&quot;:&quot;classic&quot;,&quot;animation&quot;:&quot;none&quot;,&quot;animation_mobile&quot;:&quot;none&quot;,&quot;animation_delay&quot;:400}\">\n\t\t\t\t\t\t<div class=\"elementor-container elementor-column-gap-no\">\n\t\t\t\t\t<div class=\"elementor-column elementor-col-100 elementor-top-column elementor-element elementor-element-c942d29\" data-id=\"c942d29\" data-element_type=\"column\" data-e-type=\"column\" data-settings=\"{&quot;animation&quot;:&quot;none&quot;,&quot;animation_mobile&quot;:&quot;none&quot;}\">\n\t\t\t<div class=\"elementor-widget-wrap elementor-element-populated\">\n\t\t\t\t\t\t<section class=\"elementor-section elementor-inner-section elementor-element elementor-element-3b84def elementor-section-boxed elementor-section-height-default elementor-section-height-default\" data-id=\"3b84def\" data-element_type=\"section\" data-e-type=\"section\">\n\t\t\t\t\t\t<div class=\"elementor-container elementor-column-gap-default\">\n\t\t\t\t\t<div class=\"elementor-column elementor-col-50 elementor-inner-column elementor-element elementor-element-25eaa89\" data-id=\"25eaa89\" data-element_type=\"column\" data-e-type=\"column\">\n\t\t\t<div class=\"elementor-widget-wrap elementor-element-populated\">\n\t\t\t\t\t\t<div class=\"elementor-element elementor-element-ab10bef elementor-widget elementor-widget-heading\" data-id=\"ab10bef\" data-element_type=\"widget\" data-e-type=\"widget\" data-widget_type=\"heading.default\">\n\t\t\t\t<div class=\"elementor-widget-container\">\n\t\t\t\t\t<h1 class=\"elementor-heading-title elementor-size-default\">PROGRAMMING<\/h1>\t\t\t\t<\/div>\n\t\t\t\t<\/div>\n\t\t\t\t<div class=\"elementor-element elementor-element-394bbb7 elementor-widget elementor-widget-text-editor\" data-id=\"394bbb7\" data-element_type=\"widget\" data-e-type=\"widget\" data-widget_type=\"text-editor.default\">\n\t\t\t\t<div class=\"elementor-widget-container\">\n\t\t\t\t\t\t\t\t\t<p>We carry out advanced programming following the customer's specifications, such as GAMP (Good Automated Manufacturing Practices) guidelines. Cienza can assist all phases of the project or only those that the client needs to reinforce in its field engineering team, such as:<span class=\"Apple-converted-space\">\u00a0<\/span><\/p>\t\t\t\t\t\t\t\t<\/div>\n\t\t\t\t<\/div>\n\t\t\t\t<div class=\"elementor-element elementor-element-6ded0e8 elementor-icon-list--layout-traditional elementor-list-item-link-full_width elementor-widget elementor-widget-icon-list\" data-id=\"6ded0e8\" data-element_type=\"widget\" data-e-type=\"widget\" data-widget_type=\"icon-list.default\">\n\t\t\t\t<div class=\"elementor-widget-container\">\n\t\t\t\t\t\t\t<ul class=\"elementor-icon-list-items\">\n\t\t\t\t\t\t\t<li class=\"elementor-icon-list-item\">\n\t\t\t\t\t\t\t\t\t\t\t<span class=\"elementor-icon-list-icon\">\n\t\t\t\t\t\t\t<i aria-hidden=\"true\" class=\"fas fa-check\"><\/i>\t\t\t\t\t\t<\/span>\n\t\t\t\t\t\t\t\t\t\t<span class=\"elementor-icon-list-text\">Offline programming and simulation <\/span>\n\t\t\t\t\t\t\t\t\t<\/li>\n\t\t\t\t\t\t\t\t<li class=\"elementor-icon-list-item\">\n\t\t\t\t\t\t\t\t\t\t\t<span class=\"elementor-icon-list-icon\">\n\t\t\t\t\t\t\t<i aria-hidden=\"true\" class=\"fas fa-check\"><\/i>\t\t\t\t\t\t<\/span>\n\t\t\t\t\t\t\t\t\t\t<span class=\"elementor-icon-list-text\">Online programming at the factory <\/span>\n\t\t\t\t\t\t\t\t\t<\/li>\n\t\t\t\t\t\t\t\t<li class=\"elementor-icon-list-item\">\n\t\t\t\t\t\t\t\t\t\t\t<span class=\"elementor-icon-list-icon\">\n\t\t\t\t\t\t\t<i aria-hidden=\"true\" class=\"fas fa-check\"><\/i>\t\t\t\t\t\t<\/span>\n\t\t\t\t\t\t\t\t\t\t<span class=\"elementor-icon-list-text\">Debugging and testing at the factory and on the customer's website <\/span>\n\t\t\t\t\t\t\t\t\t<\/li>\n\t\t\t\t\t\t\t\t<li class=\"elementor-icon-list-item\">\n\t\t\t\t\t\t\t\t\t\t\t<span class=\"elementor-icon-list-icon\">\n\t\t\t\t\t\t\t<i aria-hidden=\"true\" class=\"fas fa-check\"><\/i>\t\t\t\t\t\t<\/span>\n\t\t\t\t\t\t\t\t\t\t<span class=\"elementor-icon-list-text\">TAF - Factory acceptance test<\/span>\n\t\t\t\t\t\t\t\t\t<\/li>\n\t\t\t\t\t\t\t\t<li class=\"elementor-icon-list-item\">\n\t\t\t\t\t\t\t\t\t\t\t<span class=\"elementor-icon-list-icon\">\n\t\t\t\t\t\t\t<i aria-hidden=\"true\" class=\"fas fa-check\"><\/i>\t\t\t\t\t\t<\/span>\n\t\t\t\t\t\t\t\t\t\t<span class=\"elementor-icon-list-text\">TAC - Customer acceptance test <\/span>\n\t\t\t\t\t\t\t\t\t<\/li>\n\t\t\t\t\t\t\t\t<li class=\"elementor-icon-list-item\">\n\t\t\t\t\t\t\t\t\t\t\t<span class=\"elementor-icon-list-icon\">\n\t\t\t\t\t\t\t<i aria-hidden=\"true\" class=\"fas fa-check\"><\/i>\t\t\t\t\t\t<\/span>\n\t\t\t\t\t\t\t\t\t\t<span class=\"elementor-icon-list-text\">Production and debug tracking<\/span>\n\t\t\t\t\t\t\t\t\t<\/li>\n\t\t\t\t\t\t<\/ul>\n\t\t\t\t\t\t<\/div>\n\t\t\t\t<\/div>\n\t\t\t\t\t<\/div>\n\t\t<\/div>\n\t\t\t\t<div class=\"elementor-column elementor-col-50 elementor-inner-column elementor-element elementor-element-952fe15\" data-id=\"952fe15\" data-element_type=\"column\" data-e-type=\"column\">\n\t\t\t<div class=\"elementor-widget-wrap elementor-element-populated\">\n\t\t\t\t\t\t<div class=\"elementor-element elementor-element-5104336 elementor-widget elementor-widget-image\" data-id=\"5104336\" data-element_type=\"widget\" data-e-type=\"widget\" data-widget_type=\"image.default\">\n\t\t\t\t<div class=\"elementor-widget-container\">\n\t\t\t\t\t\t\t\t\t\t\t\t\t\t\t<img fetchpriority=\"high\" decoding=\"async\" width=\"800\" height=\"533\" src=\"https:\/\/cienza.com.br\/wp-content\/uploads\/2020\/05\/1sRogZ0gsnPGpi20FcakCzw-1024x682.jpeg\" class=\"attachment-large size-large wp-image-14930\" alt=\"\" srcset=\"https:\/\/cienza.com.br\/wp-content\/uploads\/2020\/05\/1sRogZ0gsnPGpi20FcakCzw-1024x682.jpeg 1024w, https:\/\/cienza.com.br\/wp-content\/uploads\/2020\/05\/1sRogZ0gsnPGpi20FcakCzw-300x200.jpeg 300w, https:\/\/cienza.com.br\/wp-content\/uploads\/2020\/05\/1sRogZ0gsnPGpi20FcakCzw-768x512.jpeg 768w, https:\/\/cienza.com.br\/wp-content\/uploads\/2020\/05\/1sRogZ0gsnPGpi20FcakCzw-1536x1024.jpeg 1536w, https:\/\/cienza.com.br\/wp-content\/uploads\/2020\/05\/1sRogZ0gsnPGpi20FcakCzw-scaled.jpeg 2048w\" sizes=\"(max-width: 800px) 100vw, 800px\" \/>\t\t\t\t\t\t\t\t\t\t\t\t\t\t\t<\/div>\n\t\t\t\t<\/div>\n\t\t\t\t\t<\/div>\n\t\t<\/div>\n\t\t\t\t\t<\/div>\n\t\t<\/section>\n\t\t\t\t\t<\/div>\n\t\t<\/div>\n\t\t\t\t\t<\/div>\n\t\t<\/section>\n\t\t\t\t<\/div>","protected":false},"excerpt":{"rendered":"<p>PROGRAMA\u00c7\u00c3O Executamos programa\u00e7\u00e3o avan\u00e7ada seguindo as especifica\u00e7\u00f5es do cliente como, por exemplo, diretrizes do GAMP (Good Automated Manufacturing Practices). A Cienza pode auxiliar todas as fases do projeto ou somente as que o cliente precisar de refor\u00e7o no seu time de engenharia de campo, tais como: Programa\u00e7\u00e3o off line e simula\u00e7\u00e3o Programa\u00e7\u00e3o on line na [&hellip;]<\/p>\n","protected":false},"author":2,"featured_media":0,"parent":15063,"menu_order":0,"comment_status":"closed","ping_status":"closed","template":"","meta":{"footnotes":""},"class_list":["post-15548","page","type-page","status-publish","hentry"],"yoast_head":"<!-- This site is optimized with the Yoast SEO plugin v27.4 - https:\/\/yoast.com\/product\/yoast-seo-wordpress\/ -->\n<title>Programa\u00e7\u00e3o - Rob\u00f3tica e Automa\u00e7\u00e3o Industrial<\/title>\n<meta name=\"description\" content=\"Rob\u00f3tica e Automa\u00e7\u00e3o Industrial - Programa\u00e7\u00e3o, Manuten\u00e7\u00e3o, treinamento, simula\u00e7\u00e3o e prova de princ\u00edpio - Cienza Desenvolvimento\" \/>\n<meta name=\"robots\" content=\"index, follow, max-snippet:-1, max-image-preview:large, max-video-preview:-1\" \/>\n<link rel=\"canonical\" href=\"https:\/\/cienza.com.br\/uk\/servicos-robotica-e-automacao-industrial\/programacao\/\" \/>\n<meta property=\"og:locale\" content=\"en_GB\" \/>\n<meta property=\"og:type\" content=\"article\" \/>\n<meta property=\"og:title\" content=\"Programa\u00e7\u00e3o - Rob\u00f3tica e Automa\u00e7\u00e3o Industrial\" \/>\n<meta property=\"og:description\" content=\"Rob\u00f3tica e Automa\u00e7\u00e3o Industrial - Programa\u00e7\u00e3o, Manuten\u00e7\u00e3o, treinamento, simula\u00e7\u00e3o e prova de princ\u00edpio - Cienza Desenvolvimento\" \/>\n<meta property=\"og:url\" content=\"https:\/\/cienza.com.br\/uk\/servicos-robotica-e-automacao-industrial\/programacao\/\" \/>\n<meta property=\"og:site_name\" content=\"Empresa de Automa\u00e7\u00e3o Industrial\" \/>\n<meta property=\"article:modified_time\" content=\"2020-10-23T19:17:58+00:00\" \/>\n<meta property=\"og:image\" content=\"https:\/\/cienza.com.br\/wp-content\/uploads\/2020\/05\/1sRogZ0gsnPGpi20FcakCzw-1024x682.jpeg\" \/>\n<meta name=\"twitter:card\" content=\"summary_large_image\" \/>\n<script type=\"application\/ld+json\" class=\"yoast-schema-graph\">{\"@context\":\"https:\\\/\\\/schema.org\",\"@graph\":[{\"@type\":\"WebPage\",\"@id\":\"https:\\\/\\\/cienza.com.br\\\/br\\\/servicos-robotica-e-automacao-industrial\\\/programacao\\\/\",\"url\":\"https:\\\/\\\/cienza.com.br\\\/br\\\/servicos-robotica-e-automacao-industrial\\\/programacao\\\/\",\"name\":\"Programa\u00e7\u00e3o - Rob\u00f3tica e Automa\u00e7\u00e3o Industrial\",\"isPartOf\":{\"@id\":\"https:\\\/\\\/cienza.com.br\\\/br\\\/#website\"},\"primaryImageOfPage\":{\"@id\":\"https:\\\/\\\/cienza.com.br\\\/br\\\/servicos-robotica-e-automacao-industrial\\\/programacao\\\/#primaryimage\"},\"image\":{\"@id\":\"https:\\\/\\\/cienza.com.br\\\/br\\\/servicos-robotica-e-automacao-industrial\\\/programacao\\\/#primaryimage\"},\"thumbnailUrl\":\"https:\\\/\\\/cienza.com.br\\\/wp-content\\\/uploads\\\/2020\\\/05\\\/1sRogZ0gsnPGpi20FcakCzw-1024x682.jpeg\",\"datePublished\":\"2020-09-24T22:05:40+00:00\",\"dateModified\":\"2020-10-23T19:17:58+00:00\",\"description\":\"Rob\u00f3tica e Automa\u00e7\u00e3o Industrial - Programa\u00e7\u00e3o, Manuten\u00e7\u00e3o, treinamento, simula\u00e7\u00e3o e prova de princ\u00edpio - Cienza Desenvolvimento\",\"breadcrumb\":{\"@id\":\"https:\\\/\\\/cienza.com.br\\\/br\\\/servicos-robotica-e-automacao-industrial\\\/programacao\\\/#breadcrumb\"},\"inLanguage\":\"en-GB\",\"potentialAction\":[{\"@type\":\"ReadAction\",\"target\":[\"https:\\\/\\\/cienza.com.br\\\/br\\\/servicos-robotica-e-automacao-industrial\\\/programacao\\\/\"]}]},{\"@type\":\"ImageObject\",\"inLanguage\":\"en-GB\",\"@id\":\"https:\\\/\\\/cienza.com.br\\\/br\\\/servicos-robotica-e-automacao-industrial\\\/programacao\\\/#primaryimage\",\"url\":\"https:\\\/\\\/cienza.com.br\\\/wp-content\\\/uploads\\\/2020\\\/05\\\/1sRogZ0gsnPGpi20FcakCzw-1024x682.jpeg\",\"contentUrl\":\"https:\\\/\\\/cienza.com.br\\\/wp-content\\\/uploads\\\/2020\\\/05\\\/1sRogZ0gsnPGpi20FcakCzw-1024x682.jpeg\"},{\"@type\":\"BreadcrumbList\",\"@id\":\"https:\\\/\\\/cienza.com.br\\\/br\\\/servicos-robotica-e-automacao-industrial\\\/programacao\\\/#breadcrumb\",\"itemListElement\":[{\"@type\":\"ListItem\",\"position\":1,\"name\":\"In\u00edcio\",\"item\":\"https:\\\/\\\/cienza.com.br\\\/br\\\/\"},{\"@type\":\"ListItem\",\"position\":2,\"name\":\"Servi\u00e7os\",\"item\":\"https:\\\/\\\/cienza.com.br\\\/br\\\/servicos-robotica-e-automacao-industrial\\\/\"},{\"@type\":\"ListItem\",\"position\":3,\"name\":\"Programa\u00e7\u00e3o\"}]},{\"@type\":\"WebSite\",\"@id\":\"https:\\\/\\\/cienza.com.br\\\/br\\\/#website\",\"url\":\"https:\\\/\\\/cienza.com.br\\\/br\\\/\",\"name\":\"Empresa de Automa\u00e7\u00e3o Industrial\",\"description\":\"Empresa de Automa\u00e7\u00e3o Industrial - Programa\u00e7\u00e3o, Manuten\u00e7\u00e3o, treinamento, simula\u00e7\u00e3o e prova de princ\u00edpio.\",\"publisher\":{\"@id\":\"https:\\\/\\\/cienza.com.br\\\/br\\\/#organization\"},\"potentialAction\":[{\"@type\":\"SearchAction\",\"target\":{\"@type\":\"EntryPoint\",\"urlTemplate\":\"https:\\\/\\\/cienza.com.br\\\/br\\\/?s={search_term_string}\"},\"query-input\":{\"@type\":\"PropertyValueSpecification\",\"valueRequired\":true,\"valueName\":\"search_term_string\"}}],\"inLanguage\":\"en-GB\"},{\"@type\":\"Organization\",\"@id\":\"https:\\\/\\\/cienza.com.br\\\/br\\\/#organization\",\"name\":\"Empresa de Automa\u00e7\u00e3o Industrial\",\"url\":\"https:\\\/\\\/cienza.com.br\\\/br\\\/\",\"logo\":{\"@type\":\"ImageObject\",\"inLanguage\":\"en-GB\",\"@id\":\"https:\\\/\\\/cienza.com.br\\\/br\\\/#\\\/schema\\\/logo\\\/image\\\/\",\"url\":\"https:\\\/\\\/cienza.com.br\\\/wp-content\\\/uploads\\\/2020\\\/05\\\/cropped-logo-768x240-1.png\",\"contentUrl\":\"https:\\\/\\\/cienza.com.br\\\/wp-content\\\/uploads\\\/2020\\\/05\\\/cropped-logo-768x240-1.png\",\"width\":768,\"height\":240,\"caption\":\"Empresa de Automa\u00e7\u00e3o Industrial\"},\"image\":{\"@id\":\"https:\\\/\\\/cienza.com.br\\\/br\\\/#\\\/schema\\\/logo\\\/image\\\/\"}}]}<\/script>\n<!-- \/ Yoast SEO plugin. -->","yoast_head_json":{"title":"Programa\u00e7\u00e3o - Rob\u00f3tica e Automa\u00e7\u00e3o Industrial","description":"Rob\u00f3tica e Automa\u00e7\u00e3o Industrial - Programa\u00e7\u00e3o, Manuten\u00e7\u00e3o, treinamento, simula\u00e7\u00e3o e prova de princ\u00edpio - Cienza Desenvolvimento","robots":{"index":"index","follow":"follow","max-snippet":"max-snippet:-1","max-image-preview":"max-image-preview:large","max-video-preview":"max-video-preview:-1"},"canonical":"https:\/\/cienza.com.br\/uk\/servicos-robotica-e-automacao-industrial\/programacao\/","og_locale":"en_GB","og_type":"article","og_title":"Programa\u00e7\u00e3o - Rob\u00f3tica e Automa\u00e7\u00e3o Industrial","og_description":"Rob\u00f3tica e Automa\u00e7\u00e3o Industrial - Programa\u00e7\u00e3o, Manuten\u00e7\u00e3o, treinamento, simula\u00e7\u00e3o e prova de princ\u00edpio - Cienza Desenvolvimento","og_url":"https:\/\/cienza.com.br\/uk\/servicos-robotica-e-automacao-industrial\/programacao\/","og_site_name":"Empresa de Automa\u00e7\u00e3o Industrial","article_modified_time":"2020-10-23T19:17:58+00:00","og_image":[{"url":"https:\/\/cienza.com.br\/wp-content\/uploads\/2020\/05\/1sRogZ0gsnPGpi20FcakCzw-1024x682.jpeg","type":"","width":"","height":""}],"twitter_card":"summary_large_image","schema":{"@context":"https:\/\/schema.org","@graph":[{"@type":"WebPage","@id":"https:\/\/cienza.com.br\/br\/servicos-robotica-e-automacao-industrial\/programacao\/","url":"https:\/\/cienza.com.br\/br\/servicos-robotica-e-automacao-industrial\/programacao\/","name":"Programa\u00e7\u00e3o - Rob\u00f3tica e Automa\u00e7\u00e3o Industrial","isPartOf":{"@id":"https:\/\/cienza.com.br\/br\/#website"},"primaryImageOfPage":{"@id":"https:\/\/cienza.com.br\/br\/servicos-robotica-e-automacao-industrial\/programacao\/#primaryimage"},"image":{"@id":"https:\/\/cienza.com.br\/br\/servicos-robotica-e-automacao-industrial\/programacao\/#primaryimage"},"thumbnailUrl":"https:\/\/cienza.com.br\/wp-content\/uploads\/2020\/05\/1sRogZ0gsnPGpi20FcakCzw-1024x682.jpeg","datePublished":"2020-09-24T22:05:40+00:00","dateModified":"2020-10-23T19:17:58+00:00","description":"Rob\u00f3tica e Automa\u00e7\u00e3o Industrial - Programa\u00e7\u00e3o, Manuten\u00e7\u00e3o, treinamento, simula\u00e7\u00e3o e prova de princ\u00edpio - Cienza Desenvolvimento","breadcrumb":{"@id":"https:\/\/cienza.com.br\/br\/servicos-robotica-e-automacao-industrial\/programacao\/#breadcrumb"},"inLanguage":"en-GB","potentialAction":[{"@type":"ReadAction","target":["https:\/\/cienza.com.br\/br\/servicos-robotica-e-automacao-industrial\/programacao\/"]}]},{"@type":"ImageObject","inLanguage":"en-GB","@id":"https:\/\/cienza.com.br\/br\/servicos-robotica-e-automacao-industrial\/programacao\/#primaryimage","url":"https:\/\/cienza.com.br\/wp-content\/uploads\/2020\/05\/1sRogZ0gsnPGpi20FcakCzw-1024x682.jpeg","contentUrl":"https:\/\/cienza.com.br\/wp-content\/uploads\/2020\/05\/1sRogZ0gsnPGpi20FcakCzw-1024x682.jpeg"},{"@type":"BreadcrumbList","@id":"https:\/\/cienza.com.br\/br\/servicos-robotica-e-automacao-industrial\/programacao\/#breadcrumb","itemListElement":[{"@type":"ListItem","position":1,"name":"In\u00edcio","item":"https:\/\/cienza.com.br\/br\/"},{"@type":"ListItem","position":2,"name":"Servi\u00e7os","item":"https:\/\/cienza.com.br\/br\/servicos-robotica-e-automacao-industrial\/"},{"@type":"ListItem","position":3,"name":"Programa\u00e7\u00e3o"}]},{"@type":"WebSite","@id":"https:\/\/cienza.com.br\/br\/#website","url":"https:\/\/cienza.com.br\/br\/","name":"Empresa de Automa\u00e7\u00e3o Industrial","description":"Empresa de Automa\u00e7\u00e3o Industrial - Programa\u00e7\u00e3o, Manuten\u00e7\u00e3o, treinamento, simula\u00e7\u00e3o e prova de princ\u00edpio.","publisher":{"@id":"https:\/\/cienza.com.br\/br\/#organization"},"potentialAction":[{"@type":"SearchAction","target":{"@type":"EntryPoint","urlTemplate":"https:\/\/cienza.com.br\/br\/?s={search_term_string}"},"query-input":{"@type":"PropertyValueSpecification","valueRequired":true,"valueName":"search_term_string"}}],"inLanguage":"en-GB"},{"@type":"Organization","@id":"https:\/\/cienza.com.br\/br\/#organization","name":"Empresa de Automa\u00e7\u00e3o Industrial","url":"https:\/\/cienza.com.br\/br\/","logo":{"@type":"ImageObject","inLanguage":"en-GB","@id":"https:\/\/cienza.com.br\/br\/#\/schema\/logo\/image\/","url":"https:\/\/cienza.com.br\/wp-content\/uploads\/2020\/05\/cropped-logo-768x240-1.png","contentUrl":"https:\/\/cienza.com.br\/wp-content\/uploads\/2020\/05\/cropped-logo-768x240-1.png","width":768,"height":240,"caption":"Empresa de Automa\u00e7\u00e3o Industrial"},"image":{"@id":"https:\/\/cienza.com.br\/br\/#\/schema\/logo\/image\/"}}]}},"jetpack_sharing_enabled":true,"_links":{"self":[{"href":"https:\/\/cienza.com.br\/uk\/wp-json\/wp\/v2\/pages\/15548","targetHints":{"allow":["GET"]}}],"collection":[{"href":"https:\/\/cienza.com.br\/uk\/wp-json\/wp\/v2\/pages"}],"about":[{"href":"https:\/\/cienza.com.br\/uk\/wp-json\/wp\/v2\/types\/page"}],"author":[{"embeddable":true,"href":"https:\/\/cienza.com.br\/uk\/wp-json\/wp\/v2\/users\/2"}],"replies":[{"embeddable":true,"href":"https:\/\/cienza.com.br\/uk\/wp-json\/wp\/v2\/comments?post=15548"}],"version-history":[{"count":4,"href":"https:\/\/cienza.com.br\/uk\/wp-json\/wp\/v2\/pages\/15548\/revisions"}],"predecessor-version":[{"id":15565,"href":"https:\/\/cienza.com.br\/uk\/wp-json\/wp\/v2\/pages\/15548\/revisions\/15565"}],"up":[{"embeddable":true,"href":"https:\/\/cienza.com.br\/uk\/wp-json\/wp\/v2\/pages\/15063"}],"wp:attachment":[{"href":"https:\/\/cienza.com.br\/uk\/wp-json\/wp\/v2\/media?parent=15548"}],"curies":[{"name":"wp","href":"https:\/\/api.w.org\/{rel}","templated":true}]}}